{"id":20,"date":"2015-02-13T07:23:57","date_gmt":"2015-02-13T07:23:57","guid":{"rendered":"http:\/\/leavicens.com\/index_.php\/?page_id=20"},"modified":"2017-01-30T14:18:03","modified_gmt":"2017-01-30T12:18:03","slug":"cuadra","status":"publish","type":"page","link":"https:\/\/leavicens.com\/en_US\/cuadra\/","title":{"rendered":"Stable"},"content":{"rendered":"<p><span class=\"texto_primeraletra\"><strong>L<\/strong><\/span>ea grew up among horses. For her 4th birthday Lea\u2019s parents offered her her first pony named \u201cOurasi\u201d. Thereafter it is with Camargue horses that she learned all the dressage\u2019s secrets and the mechanisms of working with livestock. <span class=\"texto_primeraletra\">S<\/span>oon after arriving in Spain in 2007 Lea purchased from the maestros Don Angel and Rafael Peralta her first foals. This is how \u201cGacela\u201d and \u201cB\u00e9tico\u201d appeared in her stable. Come after them \u201cDesafio\u201d, a foal from the breeding Arsenio Cordeiro, offered by her friend Fermin Diaz, and \u201cSamura\u00ef\u201d, from the breeding Ortig\u00e3o Costa. Follow \u201cIndio\u201d, \u201cArdilla\u201d, \u00abJazm\u00edn\u00bb, \u00abCaramelo\u00bb, \u00abDiluvio\u00bb et \u00abImperioso\u201d. Each and every one of these horses being trained only by her, in the purpose of bringing them in the arenas. Today and thanks\u2019 to her hard work, the young French girl possesses a stable of ten horses trained for bullfighting and four foals still in training. <span class=\"texto_primeraletra\"><strong>L<\/strong><\/span>ea continues to train individually each mount, forging close ties with all of them and cultivating their own qualities. Her goal: to train her foals at her taste, with a permanent concern for accuracy and aesthetics, so they can be artistic horses in a bullfight always moving.<\/p>\n\t\t\t\t\t\t<div class=\"gallery_box_single\">\n\t\t\t\t\t\t\t\t\t\t\t\t\t\t\t<div class=\"gallery gllr_grid\" data-gllr-columns=\"4\" data-gllr-border-width=\"10\">\n\t\t\t\t\t\t\t\t\t\t\t\t\t\t\t\t\t\t\t\t<div class=\"gllr_image_row\">\n\t\t\t\t\t\t\t\t\t\t\t\t\t\t\t\t\t\t\t\t\t<div class=\"gllr_image_block\">\n\t\t\t\t\t\t\t\t\t\t\t\t<p style=\"width:180px;height:140px;\">\n\t\t\t\t\t\t\t\t\t\t\t\t\t\t\t\t\t\t\t\t\t\t\t\t\t\t\t<a href=\"http:\/\/leavicens.com\/caballos\/betico\/\" title=\"B\u00e9tico\" target=\"_blank\">\n\t\t\t\t\t\t\t\t\t\t\t\t\t\t\t<img width=\"160\"height=\"120\" style=\"width:160px;height:120px;border-width: 10px; border-color:#f1f1f1;border: 10px solid #f1f1f1\" alt=\"B\u00e9tico\" title=\"B\u00e9tico\" src=\"https:\/\/leavicens.com\/lvicens\/wp-content\/uploads\/2015\/03\/IMG_5195.jpeg\" \/>\n\t\t\t\t\t\t\t\t\t\t\t\t\t\t<\/a>\n\t\t\t\t\t\t\t\t\t\t\t\t\t\t\t\t\t\t\t\t\t\t\t\t\t<\/p>\n\t\t\t\t\t\t\t\t\t\t\t\t\t\t\t\t\t\t\t\t\t\t\t<\/div><!-- .gllr_image_block -->\n\t\t\t\t\t\t\t\t\t\t\t\t\t\t\t\t\t\t\t\t\t<div class=\"gllr_image_block\">\n\t\t\t\t\t\t\t\t\t\t\t\t<p style=\"width:180px;height:140px;\">\n\t\t\t\t\t\t\t\t\t\t\t\t\t\t\t\t\t\t\t\t\t\t\t\t\t\t\t\t<a data-fancybox=\"gallery_fancybox\" href=\"https:\/\/leavicens.com\/lvicens\/wp-content\/uploads\/2015\/03\/IMG_5231.jpeg\" title=\"Gacela\" >\n\t\t\t\t\t\t\t\t\t\t\t\t\t\t\t\t<img width=\"160\"height=\"120\" style=\"width:160px;height:120px;border-width: 10px; border-color:#f1f1f1;border: 10px solid #f1f1f1\" alt=\"Gacela\" title=\"Gacela\" src=\"https:\/\/leavicens.com\/lvicens\/wp-content\/uploads\/2015\/03\/IMG_5231.jpeg\" rel=\"https:\/\/leavicens.com\/lvicens\/wp-content\/uploads\/2015\/03\/IMG_5231.jpeg\" \/>\n\t\t\t\t\t\t\t\t\t\t\t\t\t\t\t<\/a>\n\t\t\t\t\t\t\t\t\t\t\t\t\t\t\t\t\t\t\t\t\t\t\t\t\t<\/p>\n\t\t\t\t\t\t\t\t\t\t\t\t\t\t\t\t\t\t\t\t\t\t\t<\/div><!-- .gllr_image_block -->\n\t\t\t\t\t\t\t\t\t\t\t\t\t\t\t\t\t\t\t\t\t<div class=\"gllr_image_block\">\n\t\t\t\t\t\t\t\t\t\t\t\t<p style=\"width:180px;height:140px;\">\n\t\t\t\t\t\t\t\t\t\t\t\t\t\t\t\t\t\t\t\t\t\t\t\t\t\t\t\t<a data-fancybox=\"gallery_fancybox\" href=\"https:\/\/leavicens.com\/lvicens\/wp-content\/uploads\/2015\/03\/IMG_5249.jpeg\" title=\"Bach\" >\n\t\t\t\t\t\t\t\t\t\t\t\t\t\t\t\t<img width=\"160\"height=\"120\" style=\"width:160px;height:120px;border-width: 10px; border-color:#f1f1f1;border: 10px solid #f1f1f1\" alt=\"Bach\" title=\"Bach\" src=\"https:\/\/leavicens.com\/lvicens\/wp-content\/uploads\/2015\/03\/IMG_5249.jpeg\" rel=\"https:\/\/leavicens.com\/lvicens\/wp-content\/uploads\/2015\/03\/IMG_5249.jpeg\" \/>\n\t\t\t\t\t\t\t\t\t\t\t\t\t\t\t<\/a>\n\t\t\t\t\t\t\t\t\t\t\t\t\t\t\t\t\t\t\t\t\t\t\t\t\t<\/p>\n\t\t\t\t\t\t\t\t\t\t\t\t\t\t\t\t\t\t\t\t\t\t\t<\/div><!-- .gllr_image_block -->\n\t\t\t\t\t\t\t\t\t\t\t\t\t\t\t\t\t\t\t\t\t<div class=\"gllr_image_block\">\n\t\t\t\t\t\t\t\t\t\t\t\t<p style=\"width:180px;height:140px;\">\n\t\t\t\t\t\t\t\t\t\t\t\t\t\t\t\t\t\t\t\t\t\t\t\t\t\t\t\t<a data-fancybox=\"gallery_fancybox\" href=\"https:\/\/leavicens.com\/lvicens\/wp-content\/uploads\/2015\/03\/IMG_5290.jpeg\" title=\"Diluvio\" >\n\t\t\t\t\t\t\t\t\t\t\t\t\t\t\t\t<img width=\"160\"height=\"120\" style=\"width:160px;height:120px;border-width: 10px; border-color:#f1f1f1;border: 10px solid #f1f1f1\" alt=\"Diluvio\" title=\"Diluvio\" src=\"https:\/\/leavicens.com\/lvicens\/wp-content\/uploads\/2015\/03\/IMG_5290.jpeg\" rel=\"https:\/\/leavicens.com\/lvicens\/wp-content\/uploads\/2015\/03\/IMG_5290.jpeg\" \/>\n\t\t\t\t\t\t\t\t\t\t\t\t\t\t\t<\/a>\n\t\t\t\t\t\t\t\t\t\t\t\t\t\t\t\t\t\t\t\t\t\t\t\t\t<\/p>\n\t\t\t\t\t\t\t\t\t\t\t\t\t\t\t\t\t\t\t\t\t\t\t<\/div><!-- .gllr_image_block -->\n\t\t\t\t\t\t\t\t\t\t\t\t\t\t\t\t\t\t\t\t\t<\/div><!-- .gllr_image_row -->\n\t\t\t\t\t\t\t\t\t\t\t\t\t\t\t\t\t\t\t\t\t<div class=\"gllr_image_row\">\n\t\t\t\t\t\t\t\t\t\t\t\t\t\t\t\t\t\t\t\t\t<div class=\"gllr_image_block\">\n\t\t\t\t\t\t\t\t\t\t\t\t<p style=\"width:180px;height:140px;\">\n\t\t\t\t\t\t\t\t\t\t\t\t\t\t\t\t\t\t\t\t\t\t\t\t\t\t\t\t<a data-fancybox=\"gallery_fancybox\" href=\"https:\/\/leavicens.com\/lvicens\/wp-content\/uploads\/2015\/03\/IMG_5334.jpeg\" title=\"Desaf\u00edo\" >\n\t\t\t\t\t\t\t\t\t\t\t\t\t\t\t\t<img width=\"160\"height=\"120\" style=\"width:160px;height:120px;border-width: 10px; border-color:#f1f1f1;border: 10px solid #f1f1f1\" alt=\"Desaf\u00edo\" title=\"Desaf\u00edo\" src=\"https:\/\/leavicens.com\/lvicens\/wp-content\/uploads\/2015\/03\/IMG_5334.jpeg\" rel=\"https:\/\/leavicens.com\/lvicens\/wp-content\/uploads\/2015\/03\/IMG_5334.jpeg\" \/>\n\t\t\t\t\t\t\t\t\t\t\t\t\t\t\t<\/a>\n\t\t\t\t\t\t\t\t\t\t\t\t\t\t\t\t\t\t\t\t\t\t\t\t\t<\/p>\n\t\t\t\t\t\t\t\t\t\t\t\t\t\t\t\t\t\t\t\t\t\t\t<\/div><!-- .gllr_image_block -->\n\t\t\t\t\t\t\t\t\t\t\t\t\t\t\t\t\t\t\t\t\t<div class=\"gllr_image_block\">\n\t\t\t\t\t\t\t\t\t\t\t\t<p style=\"width:180px;height:140px;\">\n\t\t\t\t\t\t\t\t\t\t\t\t\t\t\t\t\t\t\t\t\t\t\t\t\t\t\t\t<a data-fancybox=\"gallery_fancybox\" href=\"https:\/\/leavicens.com\/lvicens\/wp-content\/uploads\/2015\/03\/IMG_5358.jpeg\" title=\"Guitarra\" >\n\t\t\t\t\t\t\t\t\t\t\t\t\t\t\t\t<img width=\"160\"height=\"120\" style=\"width:160px;height:120px;border-width: 10px; border-color:#f1f1f1;border: 10px solid #f1f1f1\" alt=\"Guitarra\" title=\"Guitarra\" src=\"https:\/\/leavicens.com\/lvicens\/wp-content\/uploads\/2015\/03\/IMG_5358.jpeg\" rel=\"https:\/\/leavicens.com\/lvicens\/wp-content\/uploads\/2015\/03\/IMG_5358.jpeg\" \/>\n\t\t\t\t\t\t\t\t\t\t\t\t\t\t\t<\/a>\n\t\t\t\t\t\t\t\t\t\t\t\t\t\t\t\t\t\t\t\t\t\t\t\t\t<\/p>\n\t\t\t\t\t\t\t\t\t\t\t\t\t\t\t\t\t\t\t\t\t\t\t<\/div><!-- .gllr_image_block -->\n\t\t\t\t\t\t\t\t\t\t\t\t\t\t\t\t\t\t\t\t\t<div class=\"gllr_image_block\">\n\t\t\t\t\t\t\t\t\t\t\t\t<p style=\"width:180px;height:140px;\">\n\t\t\t\t\t\t\t\t\t\t\t\t\t\t\t\t\t\t\t\t\t\t\t\t\t\t\t\t<a data-fancybox=\"gallery_fancybox\" href=\"https:\/\/leavicens.com\/lvicens\/wp-content\/uploads\/2015\/03\/IMG_5417.jpeg\" title=\"Jazm\u00edn\" >\n\t\t\t\t\t\t\t\t\t\t\t\t\t\t\t\t<img width=\"160\"height=\"120\" style=\"width:160px;height:120px;border-width: 10px; border-color:#f1f1f1;border: 10px solid #f1f1f1\" alt=\"Jazm\u00edn\" title=\"Jazm\u00edn\" src=\"https:\/\/leavicens.com\/lvicens\/wp-content\/uploads\/2015\/03\/IMG_5417.jpeg\" rel=\"https:\/\/leavicens.com\/lvicens\/wp-content\/uploads\/2015\/03\/IMG_5417.jpeg\" \/>\n\t\t\t\t\t\t\t\t\t\t\t\t\t\t\t<\/a>\n\t\t\t\t\t\t\t\t\t\t\t\t\t\t\t\t\t\t\t\t\t\t\t\t\t<\/p>\n\t\t\t\t\t\t\t\t\t\t\t\t\t\t\t\t\t\t\t\t\t\t\t<\/div><!-- .gllr_image_block -->\n\t\t\t\t\t\t\t\t\t\t\t\t\t\t\t\t\t\t\t\t\t<div class=\"gllr_image_block\">\n\t\t\t\t\t\t\t\t\t\t\t\t<p style=\"width:180px;height:140px;\">\n\t\t\t\t\t\t\t\t\t\t\t\t\t\t\t\t\t\t\t\t\t\t\t\t\t\t\t\t<a data-fancybox=\"gallery_fancybox\" href=\"https:\/\/leavicens.com\/lvicens\/wp-content\/uploads\/2015\/03\/IMG_5440.jpeg\" title=\"Greco\" >\n\t\t\t\t\t\t\t\t\t\t\t\t\t\t\t\t<img width=\"160\"height=\"120\" style=\"width:160px;height:120px;border-width: 10px; border-color:#f1f1f1;border: 10px solid #f1f1f1\" alt=\"Greco\" title=\"Greco\" src=\"https:\/\/leavicens.com\/lvicens\/wp-content\/uploads\/2015\/03\/IMG_5440.jpeg\" rel=\"https:\/\/leavicens.com\/lvicens\/wp-content\/uploads\/2015\/03\/IMG_5440.jpeg\" \/>\n\t\t\t\t\t\t\t\t\t\t\t\t\t\t\t<\/a>\n\t\t\t\t\t\t\t\t\t\t\t\t\t\t\t\t\t\t\t\t\t\t\t\t\t<\/p>\n\t\t\t\t\t\t\t\t\t\t\t\t\t\t\t\t\t\t\t\t\t\t\t<\/div><!-- .gllr_image_block -->\n\t\t\t\t\t\t\t\t\t\t\t\t\t\t\t\t\t\t\t\t\t<\/div><!-- .gllr_image_row -->\n\t\t\t\t\t\t\t\t\t\t\t\t\t\t\t\t\t\t\t\t\t<div class=\"gllr_image_row\">\n\t\t\t\t\t\t\t\t\t\t\t\t\t\t\t\t\t\t\t\t\t<div class=\"gllr_image_block\">\n\t\t\t\t\t\t\t\t\t\t\t\t<p style=\"width:180px;height:140px;\">\n\t\t\t\t\t\t\t\t\t\t\t\t\t\t\t\t\t\t\t\t\t\t\t\t\t\t\t\t<a data-fancybox=\"gallery_fancybox\" href=\"https:\/\/leavicens.com\/lvicens\/wp-content\/uploads\/2015\/03\/IMG_5448.jpeg\" title=\"Bazuka\" >\n\t\t\t\t\t\t\t\t\t\t\t\t\t\t\t\t<img width=\"160\"height=\"120\" style=\"width:160px;height:120px;border-width: 10px; border-color:#f1f1f1;border: 10px solid #f1f1f1\" alt=\"Bazuka\" title=\"Bazuka\" src=\"https:\/\/leavicens.com\/lvicens\/wp-content\/uploads\/2015\/03\/IMG_5448.jpeg\" rel=\"https:\/\/leavicens.com\/lvicens\/wp-content\/uploads\/2015\/03\/IMG_5448.jpeg\" \/>\n\t\t\t\t\t\t\t\t\t\t\t\t\t\t\t<\/a>\n\t\t\t\t\t\t\t\t\t\t\t\t\t\t\t\t\t\t\t\t\t\t\t\t\t<\/p>\n\t\t\t\t\t\t\t\t\t\t\t\t\t\t\t\t\t\t\t\t\t\t\t<\/div><!-- .gllr_image_block -->\n\t\t\t\t\t\t\t\t\t\t\t\t\t\t\t\t\t\t\t\t\t<div class=\"gllr_image_block\">\n\t\t\t\t\t\t\t\t\t\t\t\t<p style=\"width:180px;height:140px;\">\n\t\t\t\t\t\t\t\t\t\t\t\t\t\t\t\t\t\t\t\t\t\t\t\t\t\t\t\t<a data-fancybox=\"gallery_fancybox\" href=\"https:\/\/leavicens.com\/lvicens\/wp-content\/uploads\/2015\/03\/IMG_5525.jpeg\" title=\"Espont\u00e1neo\" >\n\t\t\t\t\t\t\t\t\t\t\t\t\t\t\t\t<img width=\"160\"height=\"120\" style=\"width:160px;height:120px;border-width: 10px; border-color:#f1f1f1;border: 10px solid #f1f1f1\" alt=\"Espont\u00e1neo\" title=\"Espont\u00e1neo\" src=\"https:\/\/leavicens.com\/lvicens\/wp-content\/uploads\/2015\/03\/IMG_5525.jpeg\" rel=\"https:\/\/leavicens.com\/lvicens\/wp-content\/uploads\/2015\/03\/IMG_5525.jpeg\" \/>\n\t\t\t\t\t\t\t\t\t\t\t\t\t\t\t<\/a>\n\t\t\t\t\t\t\t\t\t\t\t\t\t\t\t\t\t\t\t\t\t\t\t\t\t<\/p>\n\t\t\t\t\t\t\t\t\t\t\t\t\t\t\t\t\t\t\t\t\t\t\t<\/div><!-- .gllr_image_block -->\n\t\t\t\t\t\t\t\t\t\t\t\t\t\t\t\t\t\t\t\t\t<div class=\"gllr_image_block\">\n\t\t\t\t\t\t\t\t\t\t\t\t<p style=\"width:180px;height:140px;\">\n\t\t\t\t\t\t\t\t\t\t\t\t\t\t\t\t\t\t\t\t\t\t\t\t\t\t\t<a href=\"http:\/\/leavicens.com\/caballos\/sefar\/\" title=\"Sefar\" target=\"_blank\">\n\t\t\t\t\t\t\t\t\t\t\t\t\t\t\t<img width=\"160\"height=\"120\" style=\"width:160px;height:120px;border-width: 10px; border-color:#f1f1f1;border: 10px solid #f1f1f1\" alt=\"Sefar\" title=\"Sefar\" src=\"https:\/\/leavicens.com\/lvicens\/wp-content\/uploads\/2016\/02\/image1-1.jpg\" \/>\n\t\t\t\t\t\t\t\t\t\t\t\t\t\t<\/a>\n\t\t\t\t\t\t\t\t\t\t\t\t\t\t\t\t\t\t\t\t\t\t\t\t\t<\/p>\n\t\t\t\t\t\t\t\t\t\t\t\t\t\t\t\t\t\t\t\t\t\t\t<\/div><!-- .gllr_image_block -->\n\t\t\t\t\t\t\t\t\t\t\t\t\t\t\t\t\t\t\t\t\t<div class=\"gllr_image_block\">\n\t\t\t\t\t\t\t\t\t\t\t\t<p style=\"width:180px;height:140px;\">\n\t\t\t\t\t\t\t\t\t\t\t\t\t\t\t\t\t\t\t\t\t\t\t\t\t\t\t<a href=\"http:\/\/leavicens.com\/caballos\/faesao\/\" title=\"Faesao\" target=\"_blank\">\n\t\t\t\t\t\t\t\t\t\t\t\t\t\t\t<img width=\"160\"height=\"120\" style=\"width:160px;height:120px;border-width: 10px; border-color:#f1f1f1;border: 10px solid #f1f1f1\" alt=\"Faesao\" title=\"Faesao\" src=\"https:\/\/leavicens.com\/lvicens\/wp-content\/uploads\/2016\/02\/image2-1.jpg\" \/>\n\t\t\t\t\t\t\t\t\t\t\t\t\t\t<\/a>\n\t\t\t\t\t\t\t\t\t\t\t\t\t\t\t\t\t\t\t\t\t\t\t\t\t<\/p>\n\t\t\t\t\t\t\t\t\t\t\t\t\t\t\t\t\t\t\t\t\t\t\t<\/div><!-- .gllr_image_block -->\n\t\t\t\t\t\t\t\t\t\t\t\t\t\t\t\t\t\t\t\t\t<\/div><!-- .gllr_image_row -->\n\t\t\t\t\t\t\t\t\t\t\t\t\t\t\t\t\t\t\t\t\t<div class=\"gllr_image_row\">\n\t\t\t\t\t\t\t\t\t\t\t\t\t\t\t\t\t\t\t\t\t<div class=\"gllr_image_block\">\n\t\t\t\t\t\t\t\t\t\t\t\t<p style=\"width:180px;height:140px;\">\n\t\t\t\t\t\t\t\t\t\t\t\t\t\t\t\t\t\t\t\t\t\t\t\t\t\t\t<a href=\"http:\/\/leavicens.com\/caballos\/deseado\/\" title=\"Deseado\" target=\"_blank\">\n\t\t\t\t\t\t\t\t\t\t\t\t\t\t\t<img width=\"160\"height=\"120\" style=\"width:160px;height:120px;border-width: 10px; border-color:#f1f1f1;border: 10px solid #f1f1f1\" alt=\"Deseado\" title=\"Deseado\" src=\"https:\/\/leavicens.com\/lvicens\/wp-content\/uploads\/2016\/02\/image3.jpg\" \/>\n\t\t\t\t\t\t\t\t\t\t\t\t\t\t<\/a>\n\t\t\t\t\t\t\t\t\t\t\t\t\t\t\t\t\t\t\t\t\t\t\t\t\t<\/p>\n\t\t\t\t\t\t\t\t\t\t\t\t\t\t\t\t\t\t\t\t\t\t\t<\/div><!-- .gllr_image_block -->\n\t\t\t\t\t\t\t\t\t\t\t\t\t\t\t\t\t\t\t\t\t<div class=\"gllr_image_block\">\n\t\t\t\t\t\t\t\t\t\t\t\t<p style=\"width:180px;height:140px;\">\n\t\t\t\t\t\t\t\t\t\t\t\t\t\t\t\t\t\t\t\t\t\t\t\t\t\t\t<a href=\"http:\/\/leavicens.com\/caballos\/hawai\/\" title=\"Hawai\" target=\"_blank\">\n\t\t\t\t\t\t\t\t\t\t\t\t\t\t\t<img width=\"160\"height=\"120\" style=\"width:160px;height:120px;border-width: 10px; border-color:#f1f1f1;border: 10px solid #f1f1f1\" alt=\"Hawai\" title=\"Hawai\" src=\"https:\/\/leavicens.com\/lvicens\/wp-content\/uploads\/2016\/02\/image4.jpg\" \/>\n\t\t\t\t\t\t\t\t\t\t\t\t\t\t<\/a>\n\t\t\t\t\t\t\t\t\t\t\t\t\t\t\t\t\t\t\t\t\t\t\t\t\t<\/p>\n\t\t\t\t\t\t\t\t\t\t\t\t\t\t\t\t\t\t\t\t\t\t\t<\/div><!-- .gllr_image_block -->\n\t\t\t\t\t\t\t\t\t\t\t\t\t\t\t\t\t\t\t\t\t<div class=\"gllr_image_block\">\n\t\t\t\t\t\t\t\t\t\t\t\t<p style=\"width:180px;height:140px;\">\n\t\t\t\t\t\t\t\t\t\t\t\t\t\t\t\t\t\t\t\t\t\t\t\t\t\t\t<a href=\"http:\/\/leavicens.com\/caballos\/petit-pois\/\" title=\"Petit Pois\" target=\"_blank\">\n\t\t\t\t\t\t\t\t\t\t\t\t\t\t\t<img width=\"160\"height=\"120\" style=\"width:160px;height:120px;border-width: 10px; border-color:#f1f1f1;border: 10px solid #f1f1f1\" alt=\"Petit Pois\" title=\"Petit Pois\" src=\"https:\/\/leavicens.com\/lvicens\/wp-content\/uploads\/2016\/02\/image5-2.jpg\" \/>\n\t\t\t\t\t\t\t\t\t\t\t\t\t\t<\/a>\n\t\t\t\t\t\t\t\t\t\t\t\t\t\t\t\t\t\t\t\t\t\t\t\t\t<\/p>\n\t\t\t\t\t\t\t\t\t\t\t\t\t\t\t\t\t\t\t\t\t\t\t<\/div><!-- .gllr_image_block -->\n\t\t\t\t\t\t\t\t\t\t\t\t\t\t\t\t\t\t\t\t\t<div class=\"clear\"><\/div>\n\t\t\t\t\t\t\t\t\t\t<\/div><!-- .gllr_image_row -->\n\t\t\t\t\t\t\t\t\t\t\t\t\t\t\t\t\t<\/div><!-- .gallery.clearfix -->\n\t\t\t\t\t\t\t\t\t\t\t\t\t<\/div><!-- .gallery_box_single -->\n\t\t\t\t\t\t<div class=\"gllr_clear\"><\/div>\n\t\t\t\t\t\n","protected":false},"excerpt":{"rendered":"<p>Poco despu\u00e9s de su llegada a Espa\u00f1a en 2006, Lea adquiri\u00f3 sus primeros potros de maestros como D. \u00c1ngel y&#8230;<\/p>\n","protected":false},"author":5,"featured_media":202,"parent":0,"menu_order":0,"comment_status":"open","ping_status":"open","template":"","meta":[],"_links":{"self":[{"href":"https:\/\/leavicens.com\/en_US\/wp-json\/wp\/v2\/pages\/20"}],"collection":[{"href":"https:\/\/leavicens.com\/en_US\/wp-json\/wp\/v2\/pages"}],"about":[{"href":"https:\/\/leavicens.com\/en_US\/wp-json\/wp\/v2\/types\/page"}],"author":[{"embeddable":true,"href":"https:\/\/leavicens.com\/en_US\/wp-json\/wp\/v2\/users\/5"}],"replies":[{"embeddable":true,"href":"https:\/\/leavicens.com\/en_US\/wp-json\/wp\/v2\/comments?post=20"}],"version-history":[{"count":23,"href":"https:\/\/leavicens.com\/en_US\/wp-json\/wp\/v2\/pages\/20\/revisions"}],"predecessor-version":[{"id":1987,"href":"https:\/\/leavicens.com\/en_US\/wp-json\/wp\/v2\/pages\/20\/revisions\/1987"}],"wp:featuredmedia":[{"embeddable":true,"href":"https:\/\/leavicens.com\/en_US\/wp-json\/wp\/v2\/media\/202"}],"wp:attachment":[{"href":"https:\/\/leavicens.com\/en_US\/wp-json\/wp\/v2\/media?parent=20"}],"curies":[{"name":"wp","href":"https:\/\/api.w.org\/{rel}","templated":true}]}}