{"id":12831,"date":"2023-02-14T19:57:22","date_gmt":"2023-02-14T18:57:22","guid":{"rendered":"https:\/\/leavicens.com\/?page_id=12831"},"modified":"2023-10-15T21:20:30","modified_gmt":"2023-10-15T19:20:30","slug":"estadisticas-2023","status":"publish","type":"page","link":"https:\/\/leavicens.com\/es_ES\/estadisticas-2023\/","title":{"rendered":"Estad\u00edsticas 2023"},"content":{"rendered":"\t\t<div data-elementor-type=\"wp-page\" data-elementor-id=\"12831\" class=\"elementor elementor-12831\">\n\t\t\t\t\t\t<div class=\"elementor-inner\">\n\t\t\t\t<div class=\"elementor-section-wrap\">\n\t\t\t\t\t\t\t\t\t<section class=\"elementor-section elementor-top-section elementor-element elementor-element-12c6a587 elementor-section-boxed elementor-section-height-default elementor-section-height-default\" data-id=\"12c6a587\" data-element_type=\"section\">\n\t\t\t\t\t\t<div class=\"elementor-container elementor-column-gap-default\">\n\t\t\t\t\t\t\t<div class=\"elementor-row\">\n\t\t\t\t\t<div class=\"elementor-column elementor-col-100 elementor-top-column elementor-element elementor-element-55a08d00\" data-id=\"55a08d00\" data-element_type=\"column\">\n\t\t\t<div class=\"elementor-column-wrap elementor-element-populated\">\n\t\t\t\t\t\t\t<div class=\"elementor-widget-wrap\">\n\t\t\t\t\t\t<div class=\"elementor-element elementor-element-3e6a25e7 elementor-widget elementor-widget-text-editor\" data-id=\"3e6a25e7\" data-element_type=\"widget\" data-widget_type=\"text-editor.default\">\n\t\t\t\t<div class=\"elementor-widget-container\">\n\t\t\t<style>\/*! elementor - v3.6.7 - 03-07-2022 *\/\n.elementor-widget-text-editor.elementor-drop-cap-view-stacked .elementor-drop-cap{background-color:#818a91;color:#fff}.elementor-widget-text-editor.elementor-drop-cap-view-framed .elementor-drop-cap{color:#818a91;border:3px solid;background-color:transparent}.elementor-widget-text-editor:not(.elementor-drop-cap-view-default) .elementor-drop-cap{margin-top:8px}.elementor-widget-text-editor:not(.elementor-drop-cap-view-default) .elementor-drop-cap-letter{width:1em;height:1em}.elementor-widget-text-editor .elementor-drop-cap{float:left;text-align:center;line-height:1;font-size:50px}.elementor-widget-text-editor .elementor-drop-cap-letter{display:inline-block}<\/style>\t\t\t\t\t<div class=\"elementor-text-editor elementor-clearfix\">\n\t\t\t\t<p><img loading=\"lazy\" src=\"https:\/\/leavicens.com\/lvicens\/wp-content\/uploads\/2015\/03\/image002.jpg\" alt=\"image002\" width=\"1107\" height=\"738\"><\/p>\n<p>Aqu\u00ed podr\u00e1s consultar la temporada actual de <span style=\"color: #0000ff;\"><strong>L\u00e9a Vicens<\/strong><\/span> y las anteriores a trav\u00e9s del men\u00fa desplegable<\/p>\n<p><span style=\"text-decoration: underline; color: #0000ff;\"><strong>Estad\u00edsticas 202<\/strong><\/span><span style=\"text-decoration: underline;\"><span style=\"color: #0000ff;\"><strong>3<\/strong><\/span><\/span><\/p>\n<table style=\"width: 801px; height: 75px;\" border=\"1\">\n<tbody>\n<tr style=\"height: 24px;\">\n<td style=\"width: 15.1365%; height: 24px;\"><span style=\"color: #0000ff;\"><strong>Corridas<\/strong><\/span><\/td>\n<td style=\"width: 12.6551%; height: 24px;\"><span style=\"color: #0000ff;\"><strong>Orejas<\/strong><\/span><\/td>\n<td style=\"width: 18.9826%; height: 24px;\"><span style=\"color: #0000ff;\"><strong>Vueltas al R.<\/strong><\/span><\/td>\n<td style=\"width: 12.2829%; height: 24px;\"><span style=\"color: #0000ff;\"><strong>Rabos<\/strong><\/span><\/td>\n<td style=\"width: 14.7643%; height: 24px;\"><span style=\"color: #0000ff;\"><strong>Indultos<\/strong><\/span><\/td>\n<td style=\"width: 26.0546%; height: 24px;\"><span style=\"color: #0000ff;\"><strong>Reses<\/strong><strong> lidiada<\/strong><strong>s<\/strong><\/span><\/td>\n<\/tr>\n<tr style=\"height: 24px;\">\n<td style=\"width: 15.1365%; height: 24px;\">37<\/td>\n<td style=\"width: 12.6551%; height: 24px;\">&nbsp;66<\/td>\n<td style=\"width: 18.9826%; height: 24px;\">&nbsp;8<\/td>\n<td style=\"width: 12.2829%; height: 24px;\">&nbsp;3<\/td>\n<td style=\"width: 14.7643%; height: 24px;\">&nbsp;<\/td>\n<td style=\"width: 26.0546%; height: 24px;\">&nbsp;75<\/td>\n<\/tr>\n<\/tbody>\n<\/table>\n<table style=\"width: 800px;\" border=\"1\">\n<tbody>\n<tr style=\"height: 24px;\">\n<td style=\"width: 43px; height: 24px;\"><span style=\"color: #0000ff;\"><strong>N\u00ba.<\/strong><\/span><\/td>\n<td style=\"width: 50px; height: 24px;\"><span style=\"color: #0000ff;\"><strong>Fecha<\/strong><\/span><\/td>\n<td style=\"width: 164px; height: 24px;\"><span style=\"color: #0000ff;\">&nbsp;<strong>Plaza<\/strong><\/span><\/td>\n<td style=\"width: 117px; height: 24px;\"><span style=\"color: #0000ff;\"><strong>Ganader\u00eda<\/strong><\/span><\/td>\n<td style=\"width: 184px; height: 24px;\"><span style=\"color: #0000ff;\"><strong>Resultado Art\u00edstico<\/strong><\/span><\/td>\n<\/tr>\n<tr style=\"height: 28px;\">\n<td style=\"width: 43px; height: 28px;\"><strong>&nbsp; 1<br><\/strong><\/td>\n<td style=\"width: 50px; height: 28px;\">&nbsp;28\/02<\/td>\n<td style=\"width: 164px; height: 28px;\">&nbsp;ATARFE<\/td>\n<td style=\"width: 117px; height: 28px;\">SANTA TERESA<\/td>\n<td style=\"width: 184px; height: 28px;\">&nbsp;2 OREJAS<\/td>\n<\/tr>\n<tr>\n<td style=\"width: 43px;\"><strong>&nbsp; 2<\/strong><\/td>\n<td style=\"width: 50px;\">&nbsp;05\/03<\/td>\n<td style=\"width: 164px;\">&nbsp;LA PALMA<\/td>\n<td style=\"width: 117px;\">J\u00d3DAR Y RUCHENA<\/td>\n<td style=\"width: 184px;\">&nbsp;2 OREJAS<\/td>\n<\/tr>\n<tr>\n<td style=\"width: 43px;\"><strong>&nbsp; 3<\/strong><\/td>\n<td style=\"width: 50px;\">&nbsp;19\/03<\/td>\n<td style=\"width: 164px;\">VALENCIA<\/td>\n<td style=\"width: 117px;\">F. BOH\u00d3RQUEZ<\/td>\n<td style=\"width: 184px;\">&nbsp;2 OREJAS<\/td>\n<\/tr>\n<tr>\n<td style=\"width: 43px;\"><strong>&nbsp; 4<\/strong><\/td>\n<td style=\"width: 50px;\">&nbsp;01\/04<\/td>\n<td style=\"width: 164px;\">&nbsp;VILLALUENGA DEL ROSARIO<\/td>\n<td style=\"width: 117px;\">SOTO DE LA FUENTE<\/td>\n<td style=\"width: 184px;\">&nbsp;3 OREJAS Y RABO<\/td>\n<\/tr>\n<tr>\n<td style=\"width: 43px;\"><strong>&nbsp; 5<\/strong><\/td>\n<td style=\"width: 50px;\">&nbsp;10\/04<\/td>\n<td style=\"width: 164px;\">&nbsp;ARLES<\/td>\n<td style=\"width: 117px;\">&nbsp;SAN PELAYO<\/td>\n<td style=\"width: 184px;\">&nbsp;2 OREJAS<\/td>\n<\/tr>\n<tr>\n<td style=\"width: 43px;\"><strong>&nbsp; 6<\/strong><\/td>\n<td style=\"width: 50px;\">&nbsp;16\/04<\/td>\n<td style=\"width: 164px;\">&nbsp;TOMELLOSO<\/td>\n<td style=\"width: 117px;\">&nbsp;F. BOH\u00d3RQUEZ<\/td>\n<td style=\"width: 184px;\">&nbsp;3 OREJAS<\/td>\n<\/tr>\n<tr>\n<td style=\"width: 43px;\"><strong>&nbsp; 7<\/strong><\/td>\n<td style=\"width: 50px;\">&nbsp;30\/04<\/td>\n<td style=\"width: 164px;\">&nbsp;MORA<\/td>\n<td style=\"width: 117px;\">&nbsp;JOS\u00c9 LUIS PEREDA<\/td>\n<td style=\"width: 184px;\">&nbsp;1 OREJA<\/td>\n<\/tr>\n<tr>\n<td style=\"width: 43px;\"><strong>&nbsp; 8&nbsp; <br><\/strong><\/td>\n<td style=\"width: 50px;\">&nbsp;01\/05<\/td>\n<td style=\"width: 164px;\">&nbsp;OLMEDO<\/td>\n<td style=\"width: 117px;\">&nbsp;EL CANARIO<\/td>\n<td style=\"width: 184px;\">&nbsp;2 OREJAS<\/td>\n<\/tr>\n<tr>\n<td style=\"width: 43px;\"><strong>&nbsp; 9<\/strong><\/td>\n<td style=\"width: 50px;\">&nbsp;29\/05<\/td>\n<td style=\"width: 164px;\">&nbsp;NIMES<\/td>\n<td style=\"width: 117px;\">&nbsp;F. BOH\u00d3RQUEZ<\/td>\n<td style=\"width: 184px;\">&nbsp;3 OREJAS<\/td>\n<\/tr>\n<tr>\n<td style=\"width: 43px;\"><strong>&nbsp;10<\/strong><\/td>\n<td style=\"width: 50px;\">&nbsp;03\/06<\/td>\n<td style=\"width: 164px;\">&nbsp;MADRID<\/td>\n<td style=\"width: 117px;\">&nbsp; F. BOH\u00d3RQUEZ<\/td>\n<td style=\"width: 184px;\">&nbsp;1 OREJA<\/td>\n<\/tr>\n<tr>\n<td style=\"width: 43px;\"><strong>&nbsp;11<\/strong><\/td>\n<td style=\"width: 50px;\">&nbsp;10\/06<\/td>\n<td style=\"width: 164px;\">&nbsp;FUENTES DE LE\u00d3N<\/td>\n<td style=\"width: 117px;\">&nbsp;JUAN ALBARR\u00c1N<\/td>\n<td style=\"width: 184px;\">&nbsp;2 OREJAS<\/td>\n<\/tr>\n<tr>\n<td style=\"width: 43px; color: #0000ff; font-weight: bold;\"><span style=\"color: #000000;\">&nbsp;12<\/span><\/td>\n<td style=\"width: 50px;\">&nbsp;11\/06<\/td>\n<td style=\"width: 164px;\">&nbsp;PLASENCIA<\/td>\n<td style=\"width: 117px;\">&nbsp;ROSA RODRIGUES<\/td>\n<td style=\"width: 184px;\">&nbsp;1 OREJA<\/td>\n<\/tr>\n<tr>\n<td style=\"width: 43px; color: #0000ff; font-weight: bold;\">&nbsp;<span style=\"color: #000000;\">13<\/span><\/td>\n<td style=\"width: 50px;\">&nbsp;18\/06<\/td>\n<td style=\"width: 164px;\">&nbsp;ALICANTE<\/td>\n<td style=\"width: 117px;\">&nbsp;F. BOH\u00d3RQUEZ<\/td>\n<td style=\"width: 184px;\">&nbsp;1 OREJA Y VUELTA AL RUEDO<\/td>\n<\/tr>\n<tr>\n<td style=\"width: 43px; color: #0000ff; font-weight: bold;\">&nbsp;<span style=\"color: #000000;\">14<\/span><\/td>\n<td style=\"width: 50px;\">&nbsp;24\/06<\/td>\n<td style=\"width: 164px;\">&nbsp;LE\u00d3N<\/td>\n<td style=\"width: 117px;\">&nbsp;S\u00c1NCH. Y S\u00c1NCH.<\/td>\n<td style=\"width: 184px;\">&nbsp;4 OREJAS Y 1 RABO<\/td>\n<\/tr>\n<tr>\n<td style=\"width: 43px; color: #0000ff; font-weight: bold;\"><span style=\"color: #000000;\">&nbsp;15<\/span><\/td>\n<td style=\"width: 50px;\">&nbsp;25\/06<\/td>\n<td style=\"width: 164px;\">&nbsp;ROZAS DE PUERTO REAL<\/td>\n<td style=\"width: 117px;\">&nbsp;J\u00d3DAR Y RUCHENA<\/td>\n<td style=\"width: 184px;\">&nbsp;2 OREJAS<\/td>\n<\/tr>\n<tr>\n<td style=\"width: 43px; color: #0000ff; font-weight: bold;\"><span style=\"color: #000000;\">&nbsp;16<\/span><\/td>\n<td style=\"width: 50px;\">08\/07<\/td>\n<td style=\"width: 164px;\">CABEZA LA VACA<\/td>\n<td style=\"width: 117px;\">ARCAD. ALBARR\u00c1N<\/td>\n<td style=\"width: 184px;\">2 OREJAS<\/td>\n<\/tr>\n<tr>\n<td style=\"width: 43px; color: #0000ff; font-weight: bold;\"><span style=\"color: #000000;\">&nbsp;17<\/span><\/td>\n<td style=\"width: 50px;\">&nbsp;14\/07<\/td>\n<td style=\"width: 164px;\">&nbsp;M\u00c9JANES<\/td>\n<td style=\"width: 117px;\">&nbsp;SAN PELAYO<\/td>\n<td style=\"width: 184px;\">&nbsp;1 OREJA<\/td>\n<\/tr>\n<tr>\n<td style=\"width: 43px; color: #0000ff; font-weight: bold;\">&nbsp;<span style=\"color: #000000;\">18<\/span><\/td>\n<td style=\"width: 50px;\">&nbsp;16\/07<\/td>\n<td style=\"width: 164px;\">&nbsp;LUNEL<\/td>\n<td style=\"width: 117px;\">&nbsp;HNOS. GALLON<\/td>\n<td style=\"width: 184px;\">&nbsp;2 OREJAS<\/td>\n<\/tr>\n<tr>\n<td style=\"width: 43px; color: #0000ff; font-weight: bold;\">&nbsp;<span style=\"color: #000000;\">19<\/span><\/td>\n<td style=\"width: 50px;\">&nbsp;28\/07<\/td>\n<td style=\"width: 164px;\">&nbsp;SANTANDER<\/td>\n<td style=\"width: 117px;\">&nbsp;EL CANARIO<\/td>\n<td style=\"width: 184px;\">&nbsp;1 OREJA Y 2 VUELTAS AL RUEDO<\/td>\n<\/tr>\n<tr>\n<td style=\"width: 43px; color: #0000ff; font-weight: bold;\"><span style=\"color: #000000;\">&nbsp;<\/span><span style=\"color: #000000;\">20<\/span><\/td>\n<td style=\"width: 50px;\">&nbsp;29\/07<\/td>\n<td style=\"width: 164px;\">&nbsp;BAYONA<\/td>\n<td style=\"width: 117px;\">&nbsp;ROM\u00c3O TENORIO<\/td>\n<td style=\"width: 184px;\">&nbsp;1 OREJA<\/td>\n<\/tr>\n<tr>\n<td style=\"width: 43px; color: #0000ff; font-weight: bold;\">&nbsp;<span style=\"color: #000000;\">21<\/span><\/td>\n<td style=\"width: 50px;\">&nbsp;06\/08<\/td>\n<td style=\"width: 164px;\">&nbsp;HUELVA<\/td>\n<td style=\"width: 117px;\">&nbsp;F. BOH\u00d3RQUEZ<\/td>\n<td style=\"width: 184px;\">OVACI\u00d3N Y OVACI\u00d3N<\/td>\n<\/tr>\n<tr>\n<td style=\"width: 43px; color: #0000ff; font-weight: bold;\">&nbsp;<span style=\"color: #000000;\">22<\/span><\/td>\n<td style=\"width: 50px;\">&nbsp;13\/08<\/td>\n<td style=\"width: 164px;\">&nbsp;B\u00c9ZIERS<\/td>\n<td style=\"width: 117px;\">&nbsp;F. BOH\u00d3RQUEZ<\/td>\n<td style=\"width: 184px;\">&nbsp;2 OREJAS<\/td>\n<\/tr>\n<tr>\n<td style=\"width: 43px; color: #0000ff; font-weight: bold;\">&nbsp;<span style=\"color: #000000;\">23<\/span><\/td>\n<td style=\"width: 50px;\">&nbsp;15\/08<\/td>\n<td style=\"width: 164px;\">&nbsp;DAX<\/td>\n<td style=\"width: 117px;\">&nbsp;MURUBE<\/td>\n<td style=\"width: 184px;\">&nbsp;1 OREJA<\/td>\n<\/tr>\n<tr>\n<td style=\"width: 43px; color: #0000ff; font-weight: bold;\">&nbsp;<span style=\"color: #000000;\">24<\/span><\/td>\n<td style=\"width: 50px;\">&nbsp;16\/08<\/td>\n<td style=\"width: 164px;\">&nbsp;GUIJUELO<\/td>\n<td style=\"width: 117px;\">&nbsp;EL CAPEA<\/td>\n<td style=\"width: 184px;\">&nbsp;3 OREJAS<\/td>\n<\/tr>\n<tr>\n<td style=\"width: 43px; color: #0000ff; font-weight: bold;\">&nbsp;<span style=\"color: #000000;\">25<\/span><\/td>\n<td style=\"width: 50px;\">&nbsp;20\/08<\/td>\n<td style=\"width: 164px;\">&nbsp;BILBAO<\/td>\n<td style=\"width: 117px;\">&nbsp;F. BOH\u00d3RQUEZ<\/td>\n<td style=\"width: 184px;\">&nbsp;2 OREJAS Y 2 VUELTAS AL RUEDO<\/td>\n<\/tr>\n<tr>\n<td style=\"width: 43px; color: #0000ff; font-weight: bold;\">&nbsp;<span style=\"color: #000000;\">26<\/span><\/td>\n<td style=\"width: 50px;\">&nbsp;26\/08<\/td>\n<td style=\"width: 164px;\">&nbsp;CALAHORRA<\/td>\n<td style=\"width: 117px;\">CAETANO-TENORIO<\/td>\n<td style=\"width: 184px;\">&nbsp;1 OREJA Y VUELTA AL RUEDO<\/td>\n<\/tr>\n<tr>\n<td style=\"width: 43px; color: #0000ff; font-weight: bold;\"><span style=\"color: #000000;\">&nbsp;<\/span><span style=\"color: #000000;\">27<\/span><\/td>\n<td style=\"width: 50px;\">&nbsp;27\/08<\/td>\n<td style=\"width: 164px;\">&nbsp;CANTIMPALOS<\/td>\n<td style=\"width: 117px;\">&nbsp;S\u00c1NCH. Y S\u00c1NCH.<\/td>\n<td style=\"width: 184px;\">&nbsp;2 OREJAS<\/td>\n<\/tr>\n<tr>\n<td style=\"width: 43px; color: #0000ff; font-weight: bold;\">&nbsp;<span style=\"color: #000000;\">28<\/span><\/td>\n<td style=\"width: 50px;\">&nbsp;31\/08<\/td>\n<td style=\"width: 164px;\">&nbsp;SAN SEBASTI\u00c1N DE LOS RR.<\/td>\n<td style=\"width: 117px;\">&nbsp;\u00c1NGEL S\u00c1NCHEZ<\/td>\n<td style=\"width: 184px;\">&nbsp;1 OREJA<\/td>\n<\/tr>\n<tr>\n<td style=\"width: 43px; color: #0000ff; font-weight: bold;\">&nbsp;<span style=\"color: #000000;\">29<\/span><\/td>\n<td style=\"width: 50px;\">&nbsp;02\/09<\/td>\n<td style=\"width: 164px;\">&nbsp;PALENCIA<\/td>\n<td style=\"width: 117px;\">&nbsp;RIBEIRO TELLES<\/td>\n<td style=\"width: 184px;\">&nbsp;2 OREJAS<\/td>\n<\/tr>\n<tr>\n<td style=\"width: 43px; color: #0000ff; font-weight: bold;\"><span style=\"color: #000000;\">&nbsp;<\/span><span style=\"color: #000000;\">30<\/span><\/td>\n<td style=\"width: 50px;\">&nbsp;08\/09<\/td>\n<td style=\"width: 164px;\">&nbsp;FREGENAL DE LA SIERRA<\/td>\n<td style=\"width: 117px;\">&nbsp;F. BOH\u00d3RQUEZ<\/td>\n<td style=\"width: 184px;\">&nbsp;1 OREJA<\/td>\n<\/tr>\n<tr>\n<td style=\"width: 43px; color: #0000ff; font-weight: bold;\"><span style=\"color: #000000;\">&nbsp;31<\/span><\/td>\n<td style=\"width: 50px;\">&nbsp;09\/09<\/td>\n<td style=\"width: 164px;\">&nbsp;B\u00c9LMEZ<\/td>\n<td style=\"width: 117px;\">&nbsp;MONTES DE OCA<\/td>\n<td style=\"width: 184px;\">&nbsp;4 OREJAS Y UN RABO<\/td>\n<\/tr>\n<tr>\n<td style=\"width: 43px; color: #0000ff; font-weight: bold;\"><span style=\"color: #000000;\">&nbsp;<\/span><span style=\"color: #000000;\">32<\/span><\/td>\n<td style=\"width: 50px;\">&nbsp;10\/09<\/td>\n<td style=\"width: 164px;\">&nbsp;ALBACETE<\/td>\n<td style=\"width: 117px;\">&nbsp;LOS ESPARTALES<\/td>\n<td style=\"width: 184px;\">&nbsp;1 OREJA Y 2 VUELTAS AL RUEDO<\/td>\n<\/tr>\n<tr>\n<td style=\"width: 43px; color: #0000ff; font-weight: bold;\"><span style=\"color: #000000;\">&nbsp;<\/span><span style=\"color: #000000;\">33<\/span><\/td>\n<td style=\"width: 50px;\">&nbsp;16\/09<\/td>\n<td style=\"width: 164px;\">&nbsp;NIMES<\/td>\n<td style=\"width: 117px;\">&nbsp;F. BOH\u00d3RQUEZ<\/td>\n<td style=\"width: 184px;\">&nbsp;2 OREJAS<\/td>\n<\/tr>\n<tr>\n<td style=\"width: 43px; color: #0000ff; font-weight: bold;\"><span style=\"color: #000000;\">&nbsp;<\/span><span style=\"color: #000000;\">34<\/span><\/td>\n<td style=\"width: 50px;\">&nbsp;17\/09<\/td>\n<td style=\"width: 164px;\">&nbsp;MURCIA<\/td>\n<td style=\"width: 117px;\">&nbsp;LOS ESPARTALES <\/td>\n<td style=\"width: 184px;\">&nbsp;2 OREJAS<\/td>\n<\/tr>\n<tr>\n<td style=\"width: 43px; color: #0000ff; font-weight: bold;\">&nbsp;<span style=\"color: #000000;\">35<\/span><\/td>\n<td style=\"width: 50px;\">&nbsp;23\/09<\/td>\n<td style=\"width: 164px;\">&nbsp;FREGENAL DE LA SIERRA<\/td>\n<td style=\"width: 117px;\">&nbsp;JUAN ALBARR\u00c1N<\/td>\n<td style=\"width: 184px;\">&nbsp;2 OREJAS<\/td>\n<\/tr>\n<tr>\n<td style=\"width: 43px; color: #0000ff; font-weight: bold;\">&nbsp;<span style=\"color: #000000;\">36<\/span><\/td>\n<td style=\"width: 50px;\">&nbsp;24\/09<\/td>\n<td style=\"width: 164px;\">&nbsp;POZOBLANCO<\/td>\n<td style=\"width: 117px;\">&nbsp;JOS\u00c9 A. ALONSO<\/td>\n<td style=\"width: 184px;\">&nbsp;2 OREJAS<\/td>\n<\/tr>\n<tr>\n<td style=\"width: 43px; color: #0000ff; font-weight: bold;\">&nbsp;<span style=\"color: #000000;\">37<\/span><\/td>\n<td style=\"width: 50px;\">&nbsp;15\/10<\/td>\n<td style=\"width: 164px;\">&nbsp;ZARAGOZA<\/td>\n<td style=\"width: 117px;\">&nbsp;EL CAPEA<\/td>\n<td style=\"width: 184px;\">&nbsp;OVACI\u00d3N Y OVACI\u00d3N<\/td>\n<\/tr>\n<tr>\n<td style=\"width: 43px; color: #0000ff; font-weight: bold;\">&nbsp;<\/td>\n<td style=\"width: 50px;\">&nbsp;<\/td>\n<td style=\"width: 164px;\">&nbsp;<\/td>\n<td style=\"width: 117px;\">&nbsp;<\/td>\n<td style=\"width: 184px;\">&nbsp;<\/td>\n<\/tr>\n<tr>\n<td style=\"width: 43px; color: #0000ff; font-weight: bold;\">&nbsp;<\/td>\n<td style=\"width: 50px;\">&nbsp;<\/td>\n<td style=\"width: 164px;\">&nbsp;<\/td>\n<td style=\"width: 117px;\">&nbsp;<\/td>\n<td style=\"width: 184px;\">&nbsp;<\/td>\n<\/tr>\n<tr>\n<td style=\"width: 43px; color: #0000ff; font-weight: bold;\">&nbsp;<\/td>\n<td style=\"width: 50px;\">&nbsp;<\/td>\n<td style=\"width: 164px;\">&nbsp;<\/td>\n<td style=\"width: 117px;\">&nbsp;<\/td>\n<td style=\"width: 184px;\">&nbsp;<\/td>\n<\/tr>\n<tr>\n<td style=\"width: 43px; color: #0000ff; font-weight: bold;\">&nbsp;<\/td>\n<td style=\"width: 50px;\">&nbsp;<\/td>\n<td style=\"width: 164px;\">&nbsp;<\/td>\n<td style=\"width: 117px;\">&nbsp;<\/td>\n<td style=\"width: 184px;\">&nbsp;<\/td>\n<\/tr>\n<tr>\n<td style=\"width: 43px; color: #0000ff; font-weight: bold;\">&nbsp;<\/td>\n<td style=\"width: 50px;\">&nbsp;<\/td>\n<td style=\"width: 164px;\">&nbsp;<\/td>\n<td style=\"width: 117px;\">&nbsp;<\/td>\n<td style=\"width: 184px;\">&nbsp;<\/td>\n<\/tr>\n<tr>\n<td style=\"width: 43px; color: #0000ff; font-weight: bold;\">&nbsp;<\/td>\n<td style=\"width: 50px;\">&nbsp;<\/td>\n<td style=\"width: 164px;\">&nbsp;<\/td>\n<td style=\"width: 117px;\">&nbsp;<\/td>\n<td style=\"width: 184px;\">&nbsp;<\/td>\n<\/tr>\n<tr>\n<td style=\"width: 43px; color: #0000ff; font-weight: bold;\">&nbsp;<\/td>\n<td style=\"width: 50px;\">&nbsp;<\/td>\n<td style=\"width: 164px;\">&nbsp;<\/td>\n<td style=\"width: 117px;\">&nbsp;<\/td>\n<td style=\"width: 184px;\">&nbsp;<\/td>\n<\/tr>\n<tr>\n<td style=\"width: 43px; color: #0000ff; font-weight: bold;\">&nbsp;<\/td>\n<td style=\"width: 50px;\">&nbsp;<\/td>\n<td style=\"width: 164px;\">&nbsp;<\/td>\n<td style=\"width: 117px;\">&nbsp;<\/td>\n<td style=\"width: 184px;\">&nbsp;<\/td>\n<\/tr>\n<tr>\n<td style=\"width: 43px; color: #0000ff; font-weight: bold;\">&nbsp;<\/td>\n<td style=\"width: 50px;\">&nbsp;<\/td>\n<td style=\"width: 164px;\">&nbsp;<\/td>\n<td style=\"width: 117px;\">&nbsp;<\/td>\n<td style=\"width: 184px;\">&nbsp;<\/td>\n<\/tr>\n<tr>\n<td style=\"width: 43px; color: #0000ff; font-weight: bold;\">&nbsp;<\/td>\n<td style=\"width: 50px;\">&nbsp;<\/td>\n<td style=\"width: 164px;\">&nbsp;<\/td>\n<td style=\"width: 117px;\">&nbsp;<\/td>\n<td style=\"width: 184px;\">&nbsp;<\/td>\n<\/tr>\n<tr>\n<td style=\"width: 43px; color: #0000ff; font-weight: bold;\">&nbsp;<\/td>\n<td style=\"width: 50px;\">&nbsp;<\/td>\n<td style=\"width: 164px;\">&nbsp;<\/td>\n<td style=\"width: 117px;\">&nbsp;<\/td>\n<td style=\"width: 184px;\">&nbsp;<\/td>\n<\/tr>\n<tr>\n<td style=\"width: 43px; color: #0000ff; font-weight: bold;\">&nbsp;<\/td>\n<td style=\"width: 50px;\">&nbsp;<\/td>\n<td style=\"width: 164px;\">&nbsp;<\/td>\n<td style=\"width: 117px;\">&nbsp;<\/td>\n<td style=\"width: 184px;\">&nbsp;<\/td>\n<\/tr>\n<tr>\n<td style=\"width: 43px; color: #0000ff; font-weight: bold;\">&nbsp;<\/td>\n<td style=\"width: 50px;\">&nbsp;<\/td>\n<td style=\"width: 164px;\">&nbsp;<\/td>\n<td style=\"width: 117px;\">&nbsp;<\/td>\n<td style=\"width: 184px;\">&nbsp;<\/td>\n<\/tr>\n<tr>\n<td style=\"width: 43px; color: #0000ff; font-weight: bold;\">&nbsp;<\/td>\n<td style=\"width: 50px;\">&nbsp;<\/td>\n<td style=\"width: 164px;\">&nbsp;<\/td>\n<td style=\"width: 117px;\">&nbsp;<\/td>\n<td style=\"width: 184px;\">&nbsp;<\/td>\n<\/tr>\n<\/tbody>\n<\/table>\n<p>H<\/p>\t\t\t\t\t<\/div>\n\t\t\t\t\t\t<\/div>\n\t\t\t\t<\/div>\n\t\t\t\t\t\t<\/div>\n\t\t\t\t\t<\/div>\n\t\t<\/div>\n\t\t\t\t\t\t\t\t<\/div>\n\t\t\t\t\t<\/div>\n\t\t<\/section>\n\t\t\t\t\t\t\t\t\t<\/div>\n\t\t\t<\/div>\n\t\t\t\t\t<\/div>\n\t\t","protected":false},"excerpt":{"rendered":"<p>Aqu\u00ed podr\u00e1s consultar la temporada actual de L\u00e9a Vicens y las anteriores a trav\u00e9s del men\u00fa desplegable Estad\u00edsticas 2023 Corridas&#8230;<\/p>\n","protected":false},"author":5,"featured_media":0,"parent":0,"menu_order":0,"comment_status":"closed","ping_status":"closed","template":"","meta":[],"_links":{"self":[{"href":"https:\/\/leavicens.com\/es_ES\/wp-json\/wp\/v2\/pages\/12831"}],"collection":[{"href":"https:\/\/leavicens.com\/es_ES\/wp-json\/wp\/v2\/pages"}],"about":[{"href":"https:\/\/leavicens.com\/es_ES\/wp-json\/wp\/v2\/types\/page"}],"author":[{"embeddable":true,"href":"https:\/\/leavicens.com\/es_ES\/wp-json\/wp\/v2\/users\/5"}],"replies":[{"embeddable":true,"href":"https:\/\/leavicens.com\/es_ES\/wp-json\/wp\/v2\/comments?post=12831"}],"version-history":[{"count":130,"href":"https:\/\/leavicens.com\/es_ES\/wp-json\/wp\/v2\/pages\/12831\/revisions"}],"predecessor-version":[{"id":13402,"href":"https:\/\/leavicens.com\/es_ES\/wp-json\/wp\/v2\/pages\/12831\/revisions\/13402"}],"wp:attachment":[{"href":"https:\/\/leavicens.com\/es_ES\/wp-json\/wp\/v2\/media?parent=12831"}],"curies":[{"name":"wp","href":"https:\/\/api.w.org\/{rel}","templated":true}]}}