{"id":13431,"date":"2024-02-01T18:57:55","date_gmt":"2024-02-01T17:57:55","guid":{"rendered":"https:\/\/leavicens.com\/?page_id=13431"},"modified":"2025-09-05T18:04:02","modified_gmt":"2025-09-05T16:04:02","slug":"estadisticas-2024","status":"publish","type":"page","link":"https:\/\/leavicens.com\/es_ES\/estadisticas-2024\/","title":{"rendered":"Estad\u00edsticas 2025"},"content":{"rendered":"\t\t<div data-elementor-type=\"wp-page\" data-elementor-id=\"13431\" class=\"elementor elementor-13431\">\n\t\t\t\t\t\t<div class=\"elementor-inner\">\n\t\t\t\t<div class=\"elementor-section-wrap\">\n\t\t\t\t\t\t\t\t\t<section class=\"elementor-section elementor-top-section elementor-element elementor-element-12c6a587 elementor-section-boxed elementor-section-height-default elementor-section-height-default\" data-id=\"12c6a587\" data-element_type=\"section\">\n\t\t\t\t\t\t<div class=\"elementor-container elementor-column-gap-default\">\n\t\t\t\t\t\t\t<div class=\"elementor-row\">\n\t\t\t\t\t<div class=\"elementor-column elementor-col-100 elementor-top-column elementor-element elementor-element-55a08d00\" data-id=\"55a08d00\" data-element_type=\"column\">\n\t\t\t<div class=\"elementor-column-wrap elementor-element-populated\">\n\t\t\t\t\t\t\t<div class=\"elementor-widget-wrap\">\n\t\t\t\t\t\t<div class=\"elementor-element elementor-element-3e6a25e7 elementor-widget elementor-widget-text-editor\" data-id=\"3e6a25e7\" data-element_type=\"widget\" data-widget_type=\"text-editor.default\">\n\t\t\t\t<div class=\"elementor-widget-container\">\n\t\t\t<style>\/*! elementor - v3.6.7 - 03-07-2022 *\/\n.elementor-widget-text-editor.elementor-drop-cap-view-stacked .elementor-drop-cap{background-color:#818a91;color:#fff}.elementor-widget-text-editor.elementor-drop-cap-view-framed .elementor-drop-cap{color:#818a91;border:3px solid;background-color:transparent}.elementor-widget-text-editor:not(.elementor-drop-cap-view-default) .elementor-drop-cap{margin-top:8px}.elementor-widget-text-editor:not(.elementor-drop-cap-view-default) .elementor-drop-cap-letter{width:1em;height:1em}.elementor-widget-text-editor .elementor-drop-cap{float:left;text-align:center;line-height:1;font-size:50px}.elementor-widget-text-editor .elementor-drop-cap-letter{display:inline-block}<\/style>\t\t\t\t\t<div class=\"elementor-text-editor elementor-clearfix\">\n\t\t\t\t<p><img loading=\"lazy\" src=\"https:\/\/leavicens.com\/lvicens\/wp-content\/uploads\/2015\/03\/image002.jpg\" alt=\"image002\" width=\"1107\" height=\"738\"><\/p>\n<p>Aqu\u00ed podr\u00e1s consultar la temporada actual de <span style=\"color: #0000ff;\"><strong>L\u00e9a Vicens<\/strong><\/span> y las anteriores a trav\u00e9s del men\u00fa desplegable<\/p>\n<p><span style=\"text-decoration: underline; color: #0000ff;\"><strong>Estad\u00edsticas 2025<\/strong><\/span><\/p>\n<table style=\"width: 801px; height: 75px;\" border=\"1\">\n<tbody>\n<tr style=\"height: 24px;\">\n<td style=\"width: 15.1365%; height: 24px;\"><span style=\"color: #0000ff;\"><strong>Corridas<\/strong><\/span><\/td>\n<td style=\"width: 12.6551%; height: 24px;\"><span style=\"color: #0000ff;\"><strong>Orejas<\/strong><\/span><\/td>\n<td style=\"width: 18.9826%; height: 24px;\"><span style=\"color: #0000ff;\"><strong>Vueltas al R.<\/strong><\/span><\/td>\n<td style=\"width: 12.2829%; height: 24px;\"><span style=\"color: #0000ff;\"><strong>Rabos<\/strong><\/span><\/td>\n<td style=\"width: 14.7643%; height: 24px;\"><span style=\"color: #0000ff;\"><strong>Indultos<\/strong><\/span><\/td>\n<td style=\"width: 26.0546%; height: 24px;\"><span style=\"color: #0000ff;\"><strong>Reses<\/strong><strong> lidiada<\/strong><strong>s<\/strong><\/span><\/td>\n<\/tr>\n<tr style=\"height: 24px;\">\n<td style=\"width: 15.1365%; height: 24px;\">&nbsp;<\/td>\n<td style=\"width: 12.6551%; height: 24px;\">&nbsp;<\/td>\n<td style=\"width: 18.9826%; height: 24px;\">&nbsp;<\/td>\n<td style=\"width: 12.2829%; height: 24px;\">&nbsp;<\/td>\n<td style=\"width: 14.7643%; height: 24px;\">&nbsp;<\/td>\n<td style=\"width: 26.0546%; height: 24px;\">&nbsp;<\/td>\n<\/tr>\n<\/tbody>\n<\/table>\n<table style=\"width: 800px;\" border=\"1\">\n<tbody>\n<tr style=\"height: 24px;\">\n<td style=\"width: 43px; height: 24px;\"><span style=\"color: #0000ff;\"><strong>N\u00ba.<\/strong><\/span><\/td>\n<td style=\"width: 50px; height: 24px;\"><span style=\"color: #0000ff;\"><strong>Fecha<\/strong><\/span><\/td>\n<td style=\"width: 164px; height: 24px;\"><span style=\"color: #0000ff;\">&nbsp;<strong>Plaza<\/strong><\/span><\/td>\n<td style=\"width: 117px; height: 24px;\"><span style=\"color: #0000ff;\"><strong>Ganader\u00eda<\/strong><\/span><\/td>\n<td style=\"width: 184px; height: 24px;\"><span style=\"color: #0000ff;\"><strong>Resultado Art\u00edstico<\/strong><\/span><\/td>\n<\/tr>\n<tr style=\"height: 28px;\">\n<td style=\"width: 43px; height: 28px;\">&nbsp;1<\/td>\n<td style=\"width: 50px; height: 28px;\">&nbsp;16\/02<\/td>\n<td style=\"width: 164px; height: 28px;\">&nbsp;CARTAYA<\/td>\n<td style=\"width: 117px; height: 28px;\">&nbsp;Yerbabuena<\/td>\n<td style=\"width: 184px; height: 28px;\">&nbsp;2 orejas<\/td>\n<\/tr>\n<tr>\n<td style=\"width: 43px;\">&nbsp;2<\/td>\n<td style=\"width: 50px;\">&nbsp;16\/03<\/td>\n<td style=\"width: 164px;\">&nbsp;VALENCIA<\/td>\n<td style=\"width: 117px;\">&nbsp;<span style=\"font-family: Roboto, sans-serif; font-size: 14px; font-style: normal; font-variant-ligatures: normal; font-variant-caps: normal; font-weight: 400;\">Ferm\u00edn Boh\u00f3rquez<\/span><\/td>\n<td style=\"width: 184px;\">&nbsp;ovaci\u00f3n y vuelta al ruedo<\/td>\n<\/tr>\n<tr>\n<td style=\"width: 43px;\">&nbsp;3&nbsp;<\/td>\n<td style=\"width: 50px;\">&nbsp;29\/03<\/td>\n<td style=\"width: 164px;\"><span style=\"font-family: Roboto, sans-serif; font-size: 14px; font-style: normal; font-variant-ligatures: normal; font-variant-caps: normal; font-weight: 400; background-color: #f9f9f9;\">CONSTANTINA<\/span><\/td>\n<td style=\"width: 117px;\"><span style=\"font-family: Roboto, sans-serif; font-size: 14px; font-style: normal; font-variant-ligatures: normal; font-variant-caps: normal; font-weight: 400; background-color: #f9f9f9;\">&nbsp;<\/span><span style=\"font-style: normal; font-variant-ligatures: normal; font-variant-caps: normal; font-weight: 400; font-size: 14px; font-family: Roboto, sans-serif;\">&nbsp;Lora Sangr\u00e1n<\/span><\/td>\n<td style=\"width: 184px;\">&nbsp;3 oreja<\/td>\n<\/tr>\n<tr>\n<td style=\"width: 43px;\">&nbsp;4<\/td>\n<td style=\"width: 50px;\">30\/03<\/td>\n<td style=\"width: 164px;\"><span style=\"font-family: Roboto, sans-serif; font-size: 14px; font-style: normal; font-variant-ligatures: normal; font-variant-caps: normal; font-weight: 400; background-color: #ffffff;\">ALMENDRALEJO<\/span><\/td>\n<td style=\"width: 117px;\"><span style=\"font-family: Roboto, sans-serif; font-size: 14px; font-style: normal; font-variant-ligatures: normal; font-variant-caps: normal; font-weight: 400; background-color: #ffffff;\">&nbsp;<\/span><span style=\"font-style: normal; font-variant-ligatures: normal; font-variant-caps: normal; font-weight: 400; font-size: 14px; font-family: Roboto, sans-serif;\">Couto de Fornilhos<\/span><\/td>\n<td style=\"width: 184px;\">&nbsp;1 oreja<\/td>\n<\/tr>\n<tr>\n<td style=\"width: 43px;\">&nbsp;5<\/td>\n<td style=\"width: 50px;\">&nbsp;5\/04<\/td>\n<td style=\"width: 164px;\">&nbsp;SANL\u00daCAR DE BARRAMEDA<\/td>\n<td style=\"width: 117px;\">&nbsp;Ben\u00edtez Cubero<\/td>\n<td style=\"width: 184px;\">&nbsp;2 orejas y 2 orejas<\/td>\n<\/tr>\n<tr>\n<td style=\"width: 43px;\">&nbsp;6<\/td>\n<td style=\"width: 50px;\">&nbsp;13\/04<\/td>\n<td style=\"width: 164px;\">INCA&nbsp;<\/td>\n<td style=\"width: 117px;\"><span style=\"font-family: Roboto, sans-serif; font-size: 14px; font-style: normal; font-variant-ligatures: normal; font-variant-caps: normal; font-weight: 400; background-color: #ffffff;\">&nbsp;Miura<\/span><\/td>\n<td style=\"width: 184px;\">&nbsp;saludos y 1 oreja con petici\u00f3n<\/td>\n<\/tr>\n<tr>\n<td style=\"width: 43px;\">&nbsp;7<\/td>\n<td style=\"width: 50px;\">&nbsp;21\/04<\/td>\n<td style=\"width: 164px;\">ARLES&nbsp;<\/td>\n<td style=\"width: 117px;\">&nbsp;Ferm\u00edn Boh\u00f3rquez<\/td>\n<td style=\"width: 184px;\">&nbsp;2 orejas<\/td>\n<\/tr>\n<tr>\n<td style=\"width: 43px;\">&nbsp;8<\/td>\n<td style=\"width: 50px;\">&nbsp;26\/04<\/td>\n<td style=\"width: 164px;\">TALAYUELA&nbsp;<\/td>\n<td style=\"width: 117px;\">&nbsp;Ferm\u00edn Boh\u00f3rquez<\/td>\n<td style=\"width: 184px;\">&nbsp;ovaci\u00f3n y 1 oreja&nbsp;<\/td>\n<\/tr>\n<tr>\n<td style=\"width: 43px;\">&nbsp;9<\/td>\n<td style=\"width: 50px;\">&nbsp;27\/04<\/td>\n<td style=\"width: 164px;\">&nbsp;PUERTOLLANO<\/td>\n<td style=\"width: 117px;\">El Madro\u00f1al&nbsp;<\/td>\n<td style=\"width: 184px;\">&nbsp;ovaci\u00f3n y ovaci\u00f3n<\/td>\n<\/tr>\n<tr>\n<td style=\"width: 43px;\">10<\/td>\n<td style=\"width: 50px;\">&nbsp;3\/05<\/td>\n<td style=\"width: 164px;\">&nbsp;PUEBLA DE SANCHO P\u00c9REZ<\/td>\n<td style=\"width: 117px;\">&nbsp;El Freixo<\/td>\n<td style=\"width: 184px;\">&nbsp;1 oreja<\/td>\n<\/tr>\n<tr>\n<td style=\"width: 43px;\">11<\/td>\n<td style=\"width: 50px;\">&nbsp;17\/05<\/td>\n<td style=\"width: 164px;\">&nbsp;MADRID<\/td>\n<td style=\"width: 117px;\">&nbsp;El Capea<\/td>\n<td style=\"width: 184px;\">&nbsp;silencio y 1 oreja<\/td>\n<\/tr>\n<tr>\n<td style=\"width: 43px; color: #0000ff; font-weight: bold;\">&nbsp;<span style=\"font-weight: normal; color: #808080;\">12<\/span><\/td>\n<td style=\"width: 50px;\">&nbsp;18\/05<\/td>\n<td style=\"width: 164px;\">&nbsp;JEREZ<\/td>\n<td style=\"width: 117px;\">&nbsp;Ferm\u00edn Boh\u00f3rquez<\/td>\n<td style=\"width: 184px;\">&nbsp;ovaci\u00f3n y 2 orejas<\/td>\n<\/tr>\n<tr>\n<td style=\"width: 43px; color: #0000ff;\"><span style=\"color: #808080;\">&nbsp;13<\/span><\/td>\n<td style=\"width: 50px;\">&nbsp;1\/06<\/td>\n<td style=\"width: 164px;\">&nbsp;ANTEQUERA<\/td>\n<td style=\"width: 117px;\">&nbsp;Ferm\u00edn Boh\u00f3rquez<\/td>\n<td style=\"width: 184px;\">&nbsp;palmas y silencio<\/td>\n<\/tr>\n<tr>\n<td style=\"width: 43px; color: #0000ff;\"><span style=\"color: #808080;\">&nbsp;14<\/span><\/td>\n<td style=\"width: 50px;\">&nbsp;9\/06<\/td>\n<td style=\"width: 164px;\">&nbsp;NIMES<\/td>\n<td style=\"width: 117px;\">&nbsp;Ferm\u00edn Boh\u00f3rquez<\/td>\n<td style=\"width: 184px;\">&nbsp;ovaci\u00f3n y 2 orejas<\/td>\n<\/tr>\n<tr>\n<td style=\"width: 43px; color: #0000ff;\"><span style=\"color: #808080;\">&nbsp;15<\/span><\/td>\n<td style=\"width: 50px;\">&nbsp;21\/06<\/td>\n<td style=\"width: 164px;\">&nbsp;HINOJOS<\/td>\n<td style=\"width: 117px;\">&nbsp;Paulo Caetano<\/td>\n<td style=\"width: 184px;\">&nbsp;2 orejas<\/td>\n<\/tr>\n<tr>\n<td style=\"width: 43px; color: #0000ff;\"><span style=\"color: #808080;\">&nbsp;16<\/span><\/td>\n<td style=\"width: 50px;\">&nbsp;29\/06<\/td>\n<td style=\"width: 164px;\">&nbsp;ALICANTE<\/td>\n<td style=\"width: 117px;\">&nbsp;Ferm\u00edn Boh\u00f3rquez<\/td>\n<td style=\"width: 184px;\">&nbsp;1 oreja y palmas<\/td>\n<\/tr>\n<tr>\n<td style=\"width: 43px; color: #0000ff;\">&nbsp;<span style=\"color: #808080;\">17<\/span><\/td>\n<td style=\"width: 50px;\">&nbsp;6\/07<\/td>\n<td style=\"width: 164px;\">&nbsp;PAMPLONA<\/td>\n<td style=\"width: 117px;\">&nbsp;El Capea<\/td>\n<td style=\"width: 184px;\">&nbsp;Vuelta al ruedo y&nbsp;<span style=\"font-family: Roboto, sans-serif; font-size: 14px; font-style: normal; font-variant-ligatures: normal; font-variant-caps: normal; font-weight: 400;\">ovaci\u00f3n<\/span><\/td>\n<\/tr>\n<tr>\n<td style=\"width: 43px; color: #0000ff;\"><span style=\"color: #808080;\">&nbsp;18<\/span><\/td>\n<td style=\"width: 50px;\">&nbsp;12\/07<\/td>\n<td style=\"width: 164px;\">&nbsp;BAYONNE<\/td>\n<td style=\"width: 117px;\">&nbsp;Romao Tenerio<\/td>\n<td style=\"width: 184px;\">&nbsp;Vuelta al ruedo&nbsp;<span style=\"font-family: Roboto, sans-serif; font-size: 14px; font-style: normal; font-variant-ligatures: normal; font-variant-caps: normal; font-weight: 400; background-color: #ffffff;\">y&nbsp;<\/span><span style=\"font-style: normal; font-variant-ligatures: normal; font-variant-caps: normal; font-weight: 400; font-size: 14px; font-family: Roboto, sans-serif; background-color: #ffffff;\">ovaci\u00f3n<\/span><\/td>\n<\/tr>\n<tr>\n<td style=\"width: 43px; color: #0000ff;\">&nbsp;<span style=\"color: #808080;\">19<\/span><\/td>\n<td style=\"width: 50px;\">&nbsp;13\/07<\/td>\n<td style=\"width: 164px;\">&nbsp;MEJANES<\/td>\n<td style=\"width: 117px;\">&nbsp;Gallon<\/td>\n<td style=\"width: 184px;\">&nbsp;Oreja y 2 orejas<\/td>\n<\/tr>\n<tr>\n<td style=\"width: 43px; color: #0000ff;\">&nbsp;<span style=\"color: #808080;\">20<\/span><\/td>\n<td style=\"width: 50px;\">&nbsp;20\/07<\/td>\n<td style=\"width: 164px;\">&nbsp;LUNEL<\/td>\n<td style=\"width: 117px;\">&nbsp;<span style=\"font-family: Roboto, sans-serif; font-size: 14px; font-style: normal; font-variant-ligatures: normal; font-variant-caps: normal; font-weight: 400;\">Ferm\u00edn Boh\u00f3rquez<\/span><\/td>\n<td style=\"width: 184px;\">&nbsp;Oreja y oreja<\/td>\n<\/tr>\n<tr>\n<td style=\"width: 43px; color: #0000ff;\"><span style=\"color: #808080;\">&nbsp;21<\/span><\/td>\n<td style=\"width: 50px;\">&nbsp;27\/07<\/td>\n<td style=\"width: 164px;\">&nbsp;TUDELA<\/td>\n<td style=\"width: 117px;\">&nbsp;Rosa Rodriguez<\/td>\n<td style=\"width: 184px;\">&nbsp;Silencio y 2 orejas<\/td>\n<\/tr>\n<tr>\n<td style=\"width: 43px; color: #0000ff;\">&nbsp;<span style=\"color: #808080;\">22<\/span><\/td>\n<td style=\"width: 50px;\">&nbsp;4\/08<\/td>\n<td style=\"width: 164px;\">&nbsp;ISCAR<\/td>\n<td style=\"width: 117px;\">Jos\u00e9 Luis Marca<\/td>\n<td style=\"width: 184px;\">&nbsp;Vuelta al ruedo y silencio<\/td>\n<\/tr>\n<tr>\n<td style=\"width: 43px; color: #0000ff;\">&nbsp;<span style=\"color: #808080;\">23<\/span><\/td>\n<td style=\"width: 50px;\">&nbsp;10\/08<\/td>\n<td style=\"width: 164px;\">&nbsp;SOCUELLAMOS<\/td>\n<td style=\"width: 117px;\">&nbsp;Soto de la Fuente<\/td>\n<td style=\"width: 184px;\">&nbsp;2 orejas y oreja<\/td>\n<\/tr>\n<tr>\n<td style=\"width: 43px; color: #0000ff;\">&nbsp;<span style=\"color: #808080;\">24<\/span><\/td>\n<td style=\"width: 50px;\">&nbsp;16\/08<\/td>\n<td style=\"width: 164px;\">&nbsp;BEZIERS<\/td>\n<td style=\"width: 117px;\">&nbsp;<span style=\"font-family: Roboto, sans-serif; font-size: 14px; font-style: normal; font-variant-ligatures: normal; font-variant-caps: normal; font-weight: 400;\">Ferm\u00edn Boh\u00f3rquez<\/span><\/td>\n<td style=\"width: 184px;\">&nbsp;Oreja y oreja<\/td>\n<\/tr>\n<tr>\n<td style=\"width: 43px; color: #0000ff;\"><span style=\"color: #808080;\">&nbsp;25<\/span><\/td>\n<td style=\"width: 50px;\">&nbsp;17\/08<\/td>\n<td style=\"width: 164px;\">&nbsp;DAX<\/td>\n<td style=\"width: 117px;\">&nbsp;Murube<\/td>\n<td style=\"width: 184px;\">&nbsp;Ovaci\u00f3n y vuelta al ruedo<\/td>\n<\/tr>\n<tr>\n<td style=\"width: 43px; color: #0000ff;\"><span style=\"color: #808080;\">&nbsp;26<\/span><\/td>\n<td style=\"width: 50px;\">&nbsp;23\/08<\/td>\n<td style=\"width: 164px;\">&nbsp;CELLA<\/td>\n<td style=\"width: 117px;\">&nbsp;Murube<\/td>\n<td style=\"width: 184px;\">&nbsp;Ovaci\u00f3n y 2 orejas<\/td>\n<\/tr>\n<tr>\n<td style=\"width: 43px; color: #0000ff;\"><span style=\"color: #808080;\">&nbsp;27<\/span><\/td>\n<td style=\"width: 50px;\">&nbsp;24\/08<\/td>\n<td style=\"width: 164px;\">&nbsp;CUENCA<\/td>\n<td style=\"width: 117px;\">&nbsp;Ben\u00edtez Cubero<\/td>\n<td style=\"width: 184px;\">&nbsp;Oreja y oreja<\/td>\n<\/tr>\n<tr>\n<td style=\"width: 43px; color: #0000ff;\"><span style=\"color: #808080;\">&nbsp;28<\/span><\/td>\n<td style=\"width: 50px;\">30\/08&nbsp;<\/td>\n<td style=\"width: 164px;\">&nbsp;CALAHORRA<\/td>\n<td style=\"width: 117px;\">&nbsp;Rosa Rodriguez<\/td>\n<td style=\"width: 184px;\">&nbsp;Oreja y Palmas<\/td>\n<\/tr>\n<tr>\n<td style=\"width: 43px; color: #0000ff;\"><span style=\"color: #808080;\">&nbsp;29<\/span><\/td>\n<td style=\"width: 50px;\">&nbsp;7\/09<\/td>\n<td style=\"width: 164px;\">&nbsp;VILLARUBIA DE LOS OJOS<\/td>\n<td style=\"width: 117px;\">&nbsp;<\/td>\n<td style=\"width: 184px;\">&nbsp;<\/td>\n<\/tr>\n<tr>\n<td style=\"width: 43px; color: #0000ff;\">&nbsp;<span style=\"color: #808080;\"> 30<br><\/span><\/td>\n<td style=\"width: 50px;\">&nbsp;9\/09<\/td>\n<td style=\"width: 164px;\">&nbsp;VALDILECHA<\/td>\n<td style=\"width: 117px;\">&nbsp;<\/td>\n<td style=\"width: 184px;\">&nbsp;<\/td>\n<\/tr>\n<tr>\n<td style=\"width: 43px; color: #0000ff;\">&nbsp;<span style=\"color: #808080;\"> 31<br><\/span><\/td>\n<td style=\"width: 50px;\">&nbsp;11\/09<\/td>\n<td style=\"width: 164px;\">&nbsp;SAN MARTIN DE VALDEIGLESIA<\/td>\n<td style=\"width: 117px;\">&nbsp;<\/td>\n<td style=\"width: 184px;\">&nbsp;<\/td>\n<\/tr>\n<tr>\n<td style=\"width: 43px; color: #0000ff;\">&nbsp; <span style=\"color: #808080;\">32<\/span><\/td>\n<td style=\"width: 50px;\">&nbsp;12\/09<\/td>\n<td style=\"width: 164px;\">&nbsp;SALAMANCA<\/td>\n<td style=\"width: 117px;\">&nbsp;<\/td>\n<td style=\"width: 184px;\">&nbsp;<\/td>\n<\/tr>\n<tr>\n<td style=\"width: 43px; color: #0000ff;\">&nbsp; <span style=\"color: #808080;\">33<\/span><\/td>\n<td style=\"width: 50px;\">&nbsp;14\/09<\/td>\n<td style=\"width: 164px;\">&nbsp;ALBACETE<\/td>\n<td style=\"width: 117px;\">&nbsp;<\/td>\n<td style=\"width: 184px;\">&nbsp;<\/td>\n<\/tr>\n<tr>\n<td style=\"width: 43px; color: #0000ff;\">&nbsp; <span style=\"color: #808080;\">34<\/span><\/td>\n<td style=\"width: 50px;\">&nbsp;18\/09<\/td>\n<td style=\"width: 164px;\">&nbsp;CAZORLA<\/td>\n<td style=\"width: 117px;\">&nbsp;<\/td>\n<td style=\"width: 184px;\">&nbsp;<\/td>\n<\/tr>\n<tr>\n<td style=\"width: 43px; color: #0000ff;\">&nbsp; <span style=\"color: #808080;\">35<\/span><\/td>\n<td style=\"width: 50px;\">&nbsp;19\/09<\/td>\n<td style=\"width: 164px;\">&nbsp;MORON<\/td>\n<td style=\"width: 117px;\">&nbsp;<\/td>\n<td style=\"width: 184px;\">&nbsp;<\/td>\n<\/tr>\n<tr>\n<td style=\"width: 43px; color: #0000ff;\">&nbsp; <span style=\"color: #808080;\">36<\/span><\/td>\n<td style=\"width: 50px;\">&nbsp;21\/09<\/td>\n<td style=\"width: 164px;\">&nbsp;MURCIA<\/td>\n<td style=\"width: 117px;\">&nbsp;<\/td>\n<td style=\"width: 184px;\">&nbsp;<\/td>\n<\/tr>\n<tr>\n<td style=\"width: 43px; color: #0000ff;\">&nbsp; <span style=\"color: #808080;\">37<\/span><\/td>\n<td style=\"width: 50px;\">&nbsp;28\/09<\/td>\n<td style=\"width: 164px;\">&nbsp;POZOBLANCO<\/td>\n<td style=\"width: 117px;\">&nbsp;<\/td>\n<td style=\"width: 184px;\">&nbsp;<\/td>\n<\/tr>\n<tr>\n<td style=\"width: 43px; color: #0000ff;\">&nbsp; <span style=\"color: #808080;\">38<\/span><\/td>\n<td style=\"width: 50px;\">&nbsp;<\/td>\n<td style=\"width: 164px;\">&nbsp;<\/td>\n<td style=\"width: 117px;\">&nbsp;<\/td>\n<td style=\"width: 184px;\">&nbsp;<\/td>\n<\/tr>\n<tr>\n<td style=\"width: 43px; color: #0000ff;\">&nbsp; <span style=\"color: #808080;\">39<\/span><\/td>\n<td style=\"width: 50px;\">&nbsp;<\/td>\n<td style=\"width: 164px;\">&nbsp;<\/td>\n<td style=\"width: 117px;\">&nbsp;<\/td>\n<td style=\"width: 184px;\">&nbsp;<\/td>\n<\/tr>\n<tr>\n<td style=\"width: 43px; color: #0000ff;\">&nbsp; <span style=\"color: #808080;\">40<\/span><\/td>\n<td style=\"width: 50px;\">&nbsp;<\/td>\n<td style=\"width: 164px;\">&nbsp;<\/td>\n<td style=\"width: 117px;\">&nbsp;<\/td>\n<td style=\"width: 184px;\">&nbsp;<\/td>\n<\/tr>\n<tr>\n<td style=\"width: 43px; color: #0000ff;\">&nbsp;<span style=\"color: #808080;\"> 41<\/span><\/td>\n<td style=\"width: 50px;\">&nbsp;<\/td>\n<td style=\"width: 164px;\">&nbsp;<\/td>\n<td style=\"width: 117px;\">&nbsp;<\/td>\n<td style=\"width: 184px;\">&nbsp;<\/td>\n<\/tr>\n<tr>\n<td style=\"width: 43px; color: #0000ff;\">&nbsp;<\/td>\n<td style=\"width: 50px;\">&nbsp;<\/td>\n<td style=\"width: 164px;\">&nbsp;<\/td>\n<td style=\"width: 117px;\">&nbsp;<\/td>\n<td style=\"width: 184px;\">&nbsp;<\/td>\n<\/tr>\n<tr>\n<td style=\"width: 43px; color: #0000ff;\">&nbsp;<\/td>\n<td style=\"width: 50px;\">&nbsp;<\/td>\n<td style=\"width: 164px;\">&nbsp;<\/td>\n<td style=\"width: 117px;\">&nbsp;<\/td>\n<td style=\"width: 184px;\">&nbsp;<\/td>\n<\/tr>\n<tr>\n<td style=\"width: 43px; color: #0000ff;\">&nbsp;<\/td>\n<td style=\"width: 50px;\">&nbsp;<\/td>\n<td style=\"width: 164px;\">&nbsp;<\/td>\n<td style=\"width: 117px;\">&nbsp;<\/td>\n<td style=\"width: 184px;\">&nbsp;<\/td>\n<\/tr>\n<tr>\n<td style=\"width: 43px; color: #0000ff;\">&nbsp;<\/td>\n<td style=\"width: 50px;\">&nbsp;<\/td>\n<td style=\"width: 164px;\">&nbsp;<\/td>\n<td style=\"width: 117px;\">&nbsp;<\/td>\n<td style=\"width: 184px;\">&nbsp;<\/td>\n<\/tr>\n<tr>\n<td style=\"width: 43px; color: #0000ff;\">&nbsp;<\/td>\n<td style=\"width: 50px;\">&nbsp;<\/td>\n<td style=\"width: 164px;\">&nbsp;<\/td>\n<td style=\"width: 117px;\">&nbsp;<\/td>\n<td style=\"width: 184px;\">&nbsp;<\/td>\n<\/tr>\n<tr>\n<td style=\"width: 43px; color: #0000ff;\">&nbsp;<\/td>\n<td style=\"width: 50px;\">&nbsp;<\/td>\n<td style=\"width: 164px;\">&nbsp;<\/td>\n<td style=\"width: 117px;\">&nbsp;<\/td>\n<td style=\"width: 184px;\">&nbsp;<\/td>\n<\/tr>\n<tr>\n<td style=\"width: 43px; color: #0000ff;\">&nbsp;<\/td>\n<td style=\"width: 50px;\">&nbsp;<\/td>\n<td style=\"width: 164px;\">&nbsp;<\/td>\n<td style=\"width: 117px;\">&nbsp;<\/td>\n<td style=\"width: 184px;\">&nbsp;<\/td>\n<\/tr>\n<tr>\n<td style=\"width: 43px; color: #0000ff;\">&nbsp;<\/td>\n<td style=\"width: 50px;\">&nbsp;<\/td>\n<td style=\"width: 164px;\">&nbsp;<\/td>\n<td style=\"width: 117px;\">&nbsp;<\/td>\n<td style=\"width: 184px;\">&nbsp;<\/td>\n<\/tr>\n<tr>\n<td style=\"width: 43px; color: #0000ff;\">&nbsp;<\/td>\n<td style=\"width: 50px;\">&nbsp;<\/td>\n<td style=\"width: 164px;\">&nbsp;<\/td>\n<td style=\"width: 117px;\">&nbsp;<\/td>\n<td style=\"width: 184px;\">&nbsp;<\/td>\n<\/tr>\n<tr>\n<td style=\"width: 43px; color: #0000ff;\">&nbsp;<\/td>\n<td style=\"width: 50px;\">&nbsp;<\/td>\n<td style=\"width: 164px;\">&nbsp;<\/td>\n<td style=\"width: 117px;\">&nbsp;<\/td>\n<td style=\"width: 184px;\">&nbsp;<\/td>\n<\/tr>\n<\/tbody>\n<\/table>\t\t\t\t\t<\/div>\n\t\t\t\t\t\t<\/div>\n\t\t\t\t<\/div>\n\t\t\t\t\t\t<\/div>\n\t\t\t\t\t<\/div>\n\t\t<\/div>\n\t\t\t\t\t\t\t\t<\/div>\n\t\t\t\t\t<\/div>\n\t\t<\/section>\n\t\t\t\t\t\t\t\t\t<\/div>\n\t\t\t<\/div>\n\t\t\t\t\t<\/div>\n\t\t","protected":false},"excerpt":{"rendered":"<p><img loading=\"lazy\" src=\"https:\/\/leavicens.com\/lvicens\/wp-content\/uploads\/2015\/03\/image002.jpg\" alt=\"image002\" width=\"1107\" height=\"738\" \/><\/p>\n<p>Aqu\u00ed podr\u00e1s consultar la temporada actual de <strong>L\u00e9a Vicens<\/strong> y las anteriores a trav\u00e9s del men\u00fa desplegable<\/p>\n<p>&#8230;<\/p>\n","protected":false},"author":5,"featured_media":0,"parent":0,"menu_order":0,"comment_status":"closed","ping_status":"closed","template":"","meta":[],"_links":{"self":[{"href":"https:\/\/leavicens.com\/es_ES\/wp-json\/wp\/v2\/pages\/13431"}],"collection":[{"href":"https:\/\/leavicens.com\/es_ES\/wp-json\/wp\/v2\/pages"}],"about":[{"href":"https:\/\/leavicens.com\/es_ES\/wp-json\/wp\/v2\/types\/page"}],"author":[{"embeddable":true,"href":"https:\/\/leavicens.com\/es_ES\/wp-json\/wp\/v2\/users\/5"}],"replies":[{"embeddable":true,"href":"https:\/\/leavicens.com\/es_ES\/wp-json\/wp\/v2\/comments?post=13431"}],"version-history":[{"count":137,"href":"https:\/\/leavicens.com\/es_ES\/wp-json\/wp\/v2\/pages\/13431\/revisions"}],"predecessor-version":[{"id":14373,"href":"https:\/\/leavicens.com\/es_ES\/wp-json\/wp\/v2\/pages\/13431\/revisions\/14373"}],"wp:attachment":[{"href":"https:\/\/leavicens.com\/es_ES\/wp-json\/wp\/v2\/media?parent=13431"}],"curies":[{"name":"wp","href":"https:\/\/api.w.org\/{rel}","templated":true}]}}