{"id":3006,"date":"2018-02-04T19:45:04","date_gmt":"2018-02-04T18:45:04","guid":{"rendered":"http:\/\/leavicens.com\/?page_id=3006"},"modified":"2020-11-13T13:01:56","modified_gmt":"2020-11-13T12:01:56","slug":"estadisticas-2018","status":"publish","type":"page","link":"https:\/\/leavicens.com\/es_ES\/estadisticas-2018\/","title":{"rendered":"Estad\u00edsticas 2018"},"content":{"rendered":"<p style=\"text-align: center;\"><a href=\"http:\/\/leavicens.com\/lvicens\/wp-content\/uploads\/2015\/03\/image002.jpg\"><img loading=\"lazy\" class=\"alignnone wp-image-200 size-full\" src=\"https:\/\/leavicens.com\/lvicens\/wp-content\/uploads\/2015\/03\/image002.jpg\" alt=\"image002\" width=\"1107\" height=\"738\" \/><\/a><\/p>\n<p>Aqu\u00ed podr\u00e1s consultar la temporada actual de Lea Vicens y las anteriores a trav\u00e9s del men\u00fa desplegable<\/p>\n<p><span style=\"text-decoration: underline;\"><strong>Estad\u00edsticas 2018<\/strong><\/span><\/p>\n<p>&nbsp;<\/p>\n<table class=\"tablalistadoEsta\" style=\"width: 799px; height: 73px;\" border=\"1\">\n<tbody>\n<tr class=\"classTdEsta\">\n<td style=\"width: 43px;\"><strong>Festivales<\/strong><\/td>\n<td style=\"width: 50px;\"><strong>Fecha<\/strong><\/td>\n<td style=\"width: 163px;\">\u00a0<strong>Plaza<\/strong><\/td>\n<td style=\"width: 117px;\"><strong>Ganader\u00eda<\/strong><\/td>\n<td style=\"width: 184px;\"><strong>Resultado Art\u00edstico<\/strong><\/td>\n<\/tr>\n<tr class=\"classTdEsta\">\n<td style=\"width: 43px;\"><em>1<\/em><\/td>\n<td style=\"width: 50px;\"><em>25.02<\/em><\/td>\n<td style=\"width: 163px;\"><em>Aracena\/Huelva<\/em><\/td>\n<td style=\"width: 117px;\"><em>F. Boh\u00f3rquez<\/em><\/td>\n<td style=\"width: 184px;\"><em>Oreja.<\/em><\/td>\n<\/tr>\n<tr>\n<td style=\"width: 43px;\"><em>2<\/em><\/td>\n<td style=\"width: 50px;\"><em>22.06<\/em><\/td>\n<td style=\"width: 163px;\"><em>Medina de Rioseco<\/em><\/td>\n<td style=\"width: 117px;\"><em>F. B. &#8211; El Capea<\/em><\/td>\n<td style=\"width: 184px;\"><em>Dos orejas y Rabo<\/em><\/td>\n<\/tr>\n<\/tbody>\n<\/table>\n<p>&nbsp;<\/p>\n<table style=\"width: 803px; height: 48px;\" border=\"1\">\n<tbody>\n<tr class=\"classTdEsta\" style=\"height: 24px;\">\n<td style=\"width: 73px; height: 24px;\"><strong>Corridas<\/strong><\/td>\n<td style=\"width: 54px; height: 24px;\"><strong>Orejas<\/strong><\/td>\n<td style=\"width: 105px; height: 24px;\"><strong>Vueltas al R.<\/strong><\/td>\n<td style=\"width: 51px; height: 24px;\"><strong>Rabos<\/strong><\/td>\n<td style=\"width: 70px; height: 24px;\"><strong>Indultos<\/strong><\/td>\n<td style=\"width: 160px; height: 24px;\"><strong>Reses lidiadas<\/strong><\/td>\n<\/tr>\n<tr class=\"classsCentro\" style=\"height: 24px;\">\n<td style=\"width: 73px; height: 24px;\">46<\/td>\n<td style=\"width: 54px; height: 24px;\">77<\/td>\n<td style=\"width: 105px; height: 24px;\">\u00a03<\/td>\n<td style=\"width: 51px; height: 24px;\">\u00a03<\/td>\n<td style=\"width: 70px; height: 24px;\"><\/td>\n<td style=\"width: 160px; height: 24px;\">91<\/td>\n<\/tr>\n<\/tbody>\n<\/table>\n<p>&nbsp;<\/p>\n<table class=\"tablalistadoEsta\" style=\"width: 800px; height: 333px;\" border=\"1\">\n<tbody>\n<tr class=\"classTdEsta\">\n<td style=\"width: 43px;\"><strong>N\u00ba.<\/strong><\/td>\n<td style=\"width: 50px;\"><strong>Fecha<\/strong><\/td>\n<td style=\"width: 164px;\">\u00a0<strong>Plaza<\/strong><\/td>\n<td style=\"width: 117px;\"><strong>Ganader\u00eda<\/strong><\/td>\n<td style=\"width: 184px;\"><strong>Resultado Art\u00edstico<\/strong><\/td>\n<\/tr>\n<tr class=\"classTdEsta\">\n<td style=\"width: 43px;\">1<\/td>\n<td style=\"width: 50px;\">05.03<\/td>\n<td style=\"width: 164px;\">Castell\u00f3n<\/td>\n<td style=\"width: 117px;\">F. Boh\u00f3rquez<\/td>\n<td style=\"width: 184px;\">Oreja; Oreja<\/td>\n<\/tr>\n<tr class=\"classTdEsta\">\n<td style=\"width: 43px;\">2<\/td>\n<td style=\"width: 50px;\">11.03<\/td>\n<td style=\"width: 164px;\">Illescas\/Toledo<\/td>\n<td style=\"width: 117px;\">Ben\u00edtez Cubero<\/td>\n<td style=\"width: 184px;\">Oreja; Oreja<\/td>\n<\/tr>\n<tr class=\"classTdEsta\">\n<td style=\"width: 43px;\">3<\/td>\n<td style=\"width: 50px;\">19.03<\/td>\n<td style=\"width: 164px;\">Valencia<\/td>\n<td style=\"width: 117px;\">F. Boh\u00f3rquez<\/td>\n<td style=\"width: 184px;\">Vuelta al R; Dos Orejas.<\/td>\n<\/tr>\n<tr class=\"classTdEsta\">\n<td style=\"width: 43px;\">4<\/td>\n<td style=\"width: 50px;\">31.03<\/td>\n<td style=\"width: 164px;\">Cabra\/C\u00f3rdoba<\/td>\n<td style=\"width: 117px;\">Hnos. Peralta<\/td>\n<td style=\"width: 184px;\">Oreja.<\/td>\n<\/tr>\n<tr class=\"classTdEsta\">\n<td style=\"width: 43px;\">5<\/td>\n<td style=\"width: 50px;\">01.04<\/td>\n<td style=\"width: 164px;\">S. Clemente\/Cuenca<\/td>\n<td style=\"width: 117px;\">Lora Sangr\u00e1n<\/td>\n<td style=\"width: 184px;\">Oreja; Palmas.<\/td>\n<\/tr>\n<tr class=\"classTdEsta\">\n<td style=\"width: 43px;\">6<\/td>\n<td style=\"width: 50px;\">15.04<\/td>\n<td style=\"width: 164px;\">Sevilla\/R. Maestranza<\/td>\n<td style=\"width: 117px;\">F. Boh\u00f3rquez<\/td>\n<td style=\"width: 184px;\">Silencio; Oreja.<\/td>\n<\/tr>\n<tr class=\"classTdEsta\">\n<td style=\"width: 43px;\">7<\/td>\n<td style=\"width: 50px;\">30.04<\/td>\n<td style=\"width: 164px;\">Campanario\/Badajoz<\/td>\n<td style=\"width: 117px;\">El Freixo<\/td>\n<td style=\"width: 184px;\">Cuatro Orejas y un Rabo.<\/td>\n<\/tr>\n<tr class=\"classTdEsta\">\n<td style=\"width: 43px;\">8<\/td>\n<td style=\"width: 50px;\">12.05<\/td>\n<td style=\"width: 164px;\">And\u00fajar\/Ja\u00e9n<\/td>\n<td style=\"width: 117px;\">F. Boh\u00f3rquez<\/td>\n<td style=\"width: 184px;\">Ovaci\u00f3n.<\/td>\n<\/tr>\n<tr class=\"classTdEsta\">\n<td style=\"width: 43px;\">9<\/td>\n<td style=\"width: 50px;\">13.05<\/td>\n<td style=\"width: 164px;\">Osuna\/Sevilla<\/td>\n<td style=\"width: 117px;\">Luis Terr\u00f3n<\/td>\n<td style=\"width: 184px;\">Oreja; Dos orejas.<\/td>\n<\/tr>\n<tr class=\"classTdEsta\">\n<td style=\"width: 43px;\">10<\/td>\n<td style=\"width: 50px;\">17.05<\/td>\n<td style=\"width: 164px;\">Nimes\/Francia<\/td>\n<td style=\"width: 117px;\">C. Lorenzo<\/td>\n<td style=\"width: 184px;\">Oreja; Oreja.<\/td>\n<\/tr>\n<tr class=\"classTdEsta\">\n<td style=\"width: 43px;\">11<\/td>\n<td style=\"width: 50px;\">26.05<\/td>\n<td style=\"width: 164px;\">Navas S. Juan\/Ja\u00e9n<\/td>\n<td style=\"width: 117px;\">Enrique Ponce<\/td>\n<td style=\"width: 184px;\">Dos orejas.<\/td>\n<\/tr>\n<tr class=\"classTdEsta\">\n<td style=\"width: 43px;\">12<\/td>\n<td style=\"width: 50px;\">27.05<\/td>\n<td style=\"width: 164px;\">C\u00f3rdoba<\/td>\n<td style=\"width: 117px;\">F. Boh\u00f3rquez<\/td>\n<td style=\"width: 184px;\">Ovaci\u00f3n en ambos.<\/td>\n<\/tr>\n<tr class=\"classTdEsta\">\n<td style=\"width: 43px;\">13<\/td>\n<td style=\"width: 50px;\">02.06<\/td>\n<td style=\"width: 164px;\">Madrid<\/td>\n<td style=\"width: 117px;\">C. Lorenzo<\/td>\n<td style=\"width: 184px;\">Ovaci\u00f3n; Oreja.<\/td>\n<\/tr>\n<tr class=\"classTdEsta\">\n<td style=\"width: 43px;\">14<\/td>\n<td style=\"width: 50px;\">03.06<\/td>\n<td style=\"width: 164px;\">Granada<\/td>\n<td style=\"width: 117px;\">Ben\u00edtez Cubero<\/td>\n<td style=\"width: 184px;\">Ovaci\u00f3n; Dos orejas.<\/td>\n<\/tr>\n<tr class=\"classTdEsta\">\n<td style=\"width: 43px;\">15<\/td>\n<td style=\"width: 50px;\">04.06<\/td>\n<td style=\"width: 164px;\">Ledesma\/Salamanca<\/td>\n<td style=\"width: 117px;\">El Capea<\/td>\n<td style=\"width: 184px;\">Silencio; Oreja.<\/td>\n<\/tr>\n<tr>\n<td style=\"width: 43px;\">16<\/td>\n<td style=\"width: 50px;\">17.06<\/td>\n<td style=\"width: 164px;\">Alicante<\/td>\n<td style=\"width: 117px;\">F. Boh\u00f3rquez<\/td>\n<td style=\"width: 184px;\">Oreja; Oreja.<\/td>\n<\/tr>\n<tr>\n<td style=\"width: 43px;\">17<\/td>\n<td style=\"width: 50px;\">18.06<\/td>\n<td style=\"width: 164px;\">Torrej\u00f3n\/Madrid<\/td>\n<td style=\"width: 117px;\">Pallares-Cubero<\/td>\n<td style=\"width: 184px;\">Oreja; Silencio.<\/td>\n<\/tr>\n<tr>\n<td style=\"width: 43px;\">18<\/td>\n<td style=\"width: 50px;\">01.07<\/td>\n<td style=\"width: 164px;\">Teruel<\/td>\n<td style=\"width: 117px;\">Passanha<\/td>\n<td style=\"width: 184px;\">Ovaci\u00f3n; Oreja.<\/td>\n<\/tr>\n<tr>\n<td style=\"width: 43px;\">19<\/td>\n<td style=\"width: 50px;\">03.07<\/td>\n<td style=\"width: 164px;\">Burgos<\/td>\n<td style=\"width: 117px;\">La Castilleja<\/td>\n<td style=\"width: 184px;\">Oreja; Dos orejas.<\/td>\n<\/tr>\n<tr>\n<td style=\"width: 43px;\">20<\/td>\n<td style=\"width: 50px;\">08.07<\/td>\n<td style=\"width: 164px;\">S.Cristobal Entrevi\u00f1as<\/td>\n<td style=\"width: 117px;\">Ram\u00f3n S\u00e1nchez<\/td>\n<td style=\"width: 184px;\">Oreja; Oreja.<\/td>\n<\/tr>\n<tr>\n<td style=\"width: 43px;\">21<\/td>\n<td style=\"width: 50px;\">14.07<\/td>\n<td style=\"width: 164px;\">San Fernando\/C\u00e1diz<\/td>\n<td style=\"width: 117px;\">Prieto de la Cal<\/td>\n<td style=\"width: 184px;\">Oreja; Dos Orejas y Rabo.<\/td>\n<\/tr>\n<tr>\n<td style=\"width: 43px;\">22<\/td>\n<td style=\"width: 50px;\">28.07<\/td>\n<td style=\"width: 164px;\">Almad\u00e9n\/Ciudad Real<\/td>\n<td style=\"width: 117px;\">J. Luis Pereda<\/td>\n<td style=\"width: 184px;\">Ovaci\u00f3n; Oreja.<\/td>\n<\/tr>\n<tr>\n<td style=\"width: 43px;\">23<\/td>\n<td style=\"width: 50px;\">29.07<\/td>\n<td style=\"width: 164px;\">Bayona\/Francia<\/td>\n<td style=\"width: 117px;\">Laget<\/td>\n<td style=\"width: 184px;\">Oreja; Dos Orejas.<\/td>\n<\/tr>\n<tr>\n<td style=\"width: 43px;\">24<\/td>\n<td style=\"width: 50px;\">04.08<\/td>\n<td style=\"width: 164px;\">Berja\/Almer\u00eda<\/td>\n<td style=\"width: 117px;\">Mart\u00edn Lorca<\/td>\n<td style=\"width: 184px;\">Silencio; Oreja.<\/td>\n<\/tr>\n<tr>\n<td style=\"width: 43px;\">25<\/td>\n<td style=\"width: 50px;\">05.08<\/td>\n<td style=\"width: 164px;\">Fuengirola\/M\u00e1laga<\/td>\n<td style=\"width: 117px;\">Prieto de la Cal<\/td>\n<td style=\"width: 184px;\">Cuatro Orejas y un Rabo.<\/td>\n<\/tr>\n<tr>\n<td style=\"width: 43px;\">26<\/td>\n<td style=\"width: 50px;\">06.08<\/td>\n<td style=\"width: 164px;\">\u00cdscar\/Valladolida<\/td>\n<td style=\"width: 117px;\">Passanha<\/td>\n<td style=\"width: 184px;\">Oreja; Silencio.<\/td>\n<\/tr>\n<tr>\n<td style=\"width: 43px;\">27<\/td>\n<td style=\"width: 50px;\">10.08<\/td>\n<td style=\"width: 164px;\">Villanueva de C\u00f3rdoba<\/td>\n<td style=\"width: 117px;\">I\u00f1igo Garz\u00f3n<\/td>\n<td style=\"width: 184px;\">Oreja; Dos Orejas.<\/td>\n<\/tr>\n<tr>\n<td style=\"width: 43px;\">28<\/td>\n<td style=\"width: 50px;\">12.08<\/td>\n<td style=\"width: 164px;\">Gij\u00f3n<\/td>\n<td style=\"width: 117px;\">Romao Tenorio<\/td>\n<td style=\"width: 184px;\">Silencio; Palmas.<\/td>\n<\/tr>\n<tr>\n<td style=\"width: 43px;\">29<\/td>\n<td style=\"width: 50px;\">14.08<\/td>\n<td style=\"width: 164px;\">Beziers\/Francia<\/td>\n<td style=\"width: 117px;\">F. Boh\u00f3rquez<\/td>\n<td style=\"width: 184px;\">Oreja; Oreja; Dos Orejas.<\/td>\n<\/tr>\n<tr>\n<td style=\"width: 43px;\">30<\/td>\n<td style=\"width: 50px;\">15.08<\/td>\n<td style=\"width: 164px;\">Dax\/Francia<\/td>\n<td style=\"width: 117px;\">Los Espartales<\/td>\n<td style=\"width: 184px;\">Oreja; Ovaci\u00f3n.<\/td>\n<\/tr>\n<tr>\n<td style=\"width: 43px;\">31<\/td>\n<td style=\"width: 50px;\">16.08<\/td>\n<td style=\"width: 164px;\">Vitigudino\/Salamanca<\/td>\n<td style=\"width: 117px;\">El Canario<\/td>\n<td style=\"width: 184px;\">Oreja; Ovaci\u00f3n<\/td>\n<\/tr>\n<tr>\n<td style=\"width: 43px;\">32<\/td>\n<td style=\"width: 50px;\">17.08<\/td>\n<td style=\"width: 164px;\">Ciudad Real<\/td>\n<td style=\"width: 117px;\">Lora Sangr\u00e1n<\/td>\n<td style=\"width: 184px;\">Silencio; Ovaci\u00f3n; Dos Orejas.<\/td>\n<\/tr>\n<tr>\n<td style=\"width: 43px;\">33<\/td>\n<td style=\"width: 50px;\">18.08<\/td>\n<td style=\"width: 164px;\">Bilbao<\/td>\n<td style=\"width: 117px;\">\u00c1ngel S\u00e1nchez<\/td>\n<td style=\"width: 184px;\">Oreja; Oreja.<\/td>\n<\/tr>\n<tr>\n<td style=\"width: 43px;\">34<\/td>\n<td style=\"width: 50px;\">19.08<\/td>\n<td style=\"width: 164px;\">M\u00e1laga<\/td>\n<td style=\"width: 117px;\">F. Boh\u00f3rquez<\/td>\n<td style=\"width: 184px;\">Ovaci\u00f3n, Oreja con dos Vueltas.<\/td>\n<\/tr>\n<tr>\n<td style=\"width: 43px;\">35<\/td>\n<td style=\"width: 50px;\">22.08<\/td>\n<td style=\"width: 164px;\">Cuenca<\/td>\n<td style=\"width: 117px;\">Cubero-Pallares<\/td>\n<td style=\"width: 184px;\">Silencio; Oreja.<\/td>\n<\/tr>\n<tr>\n<td style=\"width: 43px;\">36<\/td>\n<td style=\"width: 50px;\">25.08<\/td>\n<td style=\"width: 164px;\">Almer\u00eda<\/td>\n<td style=\"width: 117px;\">Capea-Lorenzo<\/td>\n<td style=\"width: 184px;\">Oreja; Oreja.<\/td>\n<\/tr>\n<tr>\n<td style=\"width: 43px;\">37<\/td>\n<td style=\"width: 50px;\">28.08<\/td>\n<td style=\"width: 164px;\">S. Sebasti\u00e1n de Reyes<\/td>\n<td style=\"width: 117px;\">Passanha<\/td>\n<td style=\"width: 184px;\">Oreja; Oreja.<\/td>\n<\/tr>\n<tr>\n<td style=\"width: 43px;\">38<\/td>\n<td style=\"width: 50px;\">01.09<\/td>\n<td style=\"width: 164px;\">Requena\/Valencia<\/td>\n<td style=\"width: 117px;\">G.Valdenebro<\/td>\n<td style=\"width: 184px;\">Ovaci\u00f3n; Oreja.<\/td>\n<\/tr>\n<tr>\n<td style=\"width: 43px;\">39<\/td>\n<td style=\"width: 50px;\">02.09<\/td>\n<td style=\"width: 164px;\">Palencia<\/td>\n<td style=\"width: 117px;\">Capea-Lorenzo<\/td>\n<td style=\"width: 184px;\">Ovaci\u00f3n; Dos Orejas.<\/td>\n<\/tr>\n<tr>\n<td style=\"width: 43px;\">40<\/td>\n<td style=\"width: 50px;\">07.09<\/td>\n<td style=\"width: 164px;\">Cabra\/C\u00f3rdoba<\/td>\n<td style=\"width: 117px;\">Luis Albarr\u00e1n<\/td>\n<td style=\"width: 184px;\">Ovaci\u00f3n; Oreja.<\/td>\n<\/tr>\n<tr>\n<td style=\"width: 43px;\">41<\/td>\n<td style=\"width: 50px;\">09.09<\/td>\n<td style=\"width: 164px;\">Valladolid<\/td>\n<td style=\"width: 117px;\">Jos\u00e9 Rosa<\/td>\n<td style=\"width: 184px;\">Ovaci\u00f3n; Oreja.<\/td>\n<\/tr>\n<tr>\n<td style=\"width: 43px;\">42<\/td>\n<td style=\"width: 50px;\">11.09<\/td>\n<td style=\"width: 164px;\">Aranda de Duero\/BU<\/td>\n<td style=\"width: 117px;\">El Canario<\/td>\n<td style=\"width: 184px;\">Ovaci\u00f3n; Oreja.<\/td>\n<\/tr>\n<tr>\n<td style=\"width: 43px;\">43<\/td>\n<td style=\"width: 50px;\">13.09<\/td>\n<td style=\"width: 164px;\">Guadalajara<\/td>\n<td style=\"width: 117px;\">Luis Terr\u00f3n<\/td>\n<td style=\"width: 184px;\">Ovaci\u00f3n; Silencio.<\/td>\n<\/tr>\n<tr>\n<td style=\"width: 43px;\">44<\/td>\n<td style=\"width: 50px;\">16.09<\/td>\n<td style=\"width: 164px;\">Nimes\/Francia<\/td>\n<td style=\"width: 117px;\">El Capea<\/td>\n<td style=\"width: 184px;\">Oreja; Oreja.<\/td>\n<\/tr>\n<tr>\n<td style=\"width: 43px;\">45<\/td>\n<td style=\"width: 50px;\">21.09<\/td>\n<td style=\"width: 164px;\">Salamanca<\/td>\n<td style=\"width: 117px;\">Hdros. S\u00e1nchez<\/td>\n<td style=\"width: 184px;\">Oreja; Ovaci\u00f3n tras Petici\u00f3n.<\/td>\n<\/tr>\n<tr>\n<td style=\"width: 43px;\">46<\/td>\n<td style=\"width: 50px;\">22.09<\/td>\n<td style=\"width: 164px;\">Logro\u00f1o<\/td>\n<td style=\"width: 117px;\">Hdros. S\u00e1nchez<\/td>\n<td style=\"width: 184px;\">Oreja; Dos Orejas.<\/td>\n<\/tr>\n<\/tbody>\n<\/table>\n<p style=\"text-align: left;\">\n","protected":false},"excerpt":{"rendered":"<p style=\"text-align: center;\"><a href=\"http:\/\/leavicens.com\/lvicens\/wp-content\/uploads\/2015\/03\/image002.jpg\"><img loading=\"lazy\" width=\"1107\" height=\"738\" class=\"alignnone wp-image-200 size-full\" src=\"https:\/\/leavicens.com\/lvicens\/wp-content\/uploads\/2015\/03\/image002.jpg\" alt=\"image002\" wid...\n<\/p>\n","protected":false},"author":5,"featured_media":0,"parent":0,"menu_order":0,"comment_status":"closed","ping_status":"closed","template":"","meta":[],"_links":{"self":[{"href":"https:\/\/leavicens.com\/es_ES\/wp-json\/wp\/v2\/pages\/3006"}],"collection":[{"href":"https:\/\/leavicens.com\/es_ES\/wp-json\/wp\/v2\/pages"}],"about":[{"href":"https:\/\/leavicens.com\/es_ES\/wp-json\/wp\/v2\/types\/page"}],"author":[{"embeddable":true,"href":"https:\/\/leavicens.com\/es_ES\/wp-json\/wp\/v2\/users\/5"}],"replies":[{"embeddable":true,"href":"https:\/\/leavicens.com\/es_ES\/wp-json\/wp\/v2\/comments?post=3006"}],"version-history":[{"count":132,"href":"https:\/\/leavicens.com\/es_ES\/wp-json\/wp\/v2\/pages\/3006\/revisions"}],"predecessor-version":[{"id":11645,"href":"https:\/\/leavicens.com\/es_ES\/wp-json\/wp\/v2\/pages\/3006\/revisions\/11645"}],"wp:attachment":[{"href":"https:\/\/leavicens.com\/es_ES\/wp-json\/wp\/v2\/media?parent=3006"}],"curies":[{"name":"wp","href":"https:\/\/api.w.org\/{rel}","templated":true}]}}