{"id":20,"date":"2015-02-13T07:23:57","date_gmt":"2015-02-13T07:23:57","guid":{"rendered":"http:\/\/leavicens.com\/index_.php\/?page_id=20"},"modified":"2017-01-30T14:18:03","modified_gmt":"2017-01-30T12:18:03","slug":"cuadra","status":"publish","type":"page","link":"https:\/\/leavicens.com\/fr_FR\/cuadra\/","title":{"rendered":"\u00c9curie"},"content":{"rendered":"<p>L\u00e9a grandit parmi les chevaux. Son premier poney est \u201cOurasi\u201d, que ses parents lui offrent pour ses quatre ans. C\u2019est par la suite aupr\u00e8s des chevaux camarguais qu\u2019elle apprend les premiers secrets du dressage et les rouages du travail avec le b\u00e9tail.<\/p>\n<p>Peu apr\u00e8s son arriv\u00e9e en Espagne, en 2007, L\u00e9a fait l\u2019acquisition de ses premiers poulains aux maestros Don Angel et Rafael Peralta. C\u2019est ainsi que \u201cGacela\u201d et \u201cB\u00e9tico\u201d font leur entr\u00e9e dans son \u00e9curie. Apr\u00e8s eux viennent s\u2019ajouter \u201cDesafio\u201d, un poulain portant le sceau d\u2019Arsenio Cordeiro, offert par son ami Fermin Diaz, et \u201cSamura\u00ef\u201d, provenant de la maison d\u2019Ortig\u00e3o Costa. Suivent \u201cIndio\u201d, \u201cArdilla\u201d, \u00abJazm\u00edn\u00bb, \u00abCaramelo\u00bb, \u00abDiluvio\u00bb et \u00abImperioso\u201d. Tous seront dress\u00e9s par elle seule avec le but de les amener dans les ar\u00e8nes. Aujourd\u2019hui, gr\u00e2ce \u00e0 son travail, la jeune fran\u00e7aise poss\u00e8de une \u00e9curie de dix chevaux form\u00e9s au rejon et quatre poulains en formation.<\/p>\n<p>L\u00e9a continue \u00e0 travailler ses montures individuellement, nouant un rapport \u00e9troit avec elles, cultivant les qualit\u00e9s qui leur sont propres. Son objectif : former ses poulains \u00e0 son go\u00fbt, dans un constant souci de justesse et d\u2019esth\u00e9tisme, afin d\u2019en faire des chevaux artistes dans une tauromachie toujours en mouvement.<\/p>\n\t\t\t\t\t\t<div class=\"gallery_box_single\">\n\t\t\t\t\t\t\t\t\t\t\t\t\t\t\t<div class=\"gallery gllr_grid\" data-gllr-columns=\"4\" data-gllr-border-width=\"10\">\n\t\t\t\t\t\t\t\t\t\t\t\t\t\t\t\t\t\t\t\t<div class=\"gllr_image_row\">\n\t\t\t\t\t\t\t\t\t\t\t\t\t\t\t\t\t\t\t\t\t<div class=\"gllr_image_block\">\n\t\t\t\t\t\t\t\t\t\t\t\t<p style=\"width:180px;height:140px;\">\n\t\t\t\t\t\t\t\t\t\t\t\t\t\t\t\t\t\t\t\t\t\t\t\t\t\t\t<a href=\"http:\/\/leavicens.com\/caballos\/betico\/\" title=\"B\u00e9tico\" target=\"_blank\">\n\t\t\t\t\t\t\t\t\t\t\t\t\t\t\t<img width=\"160\"height=\"120\" style=\"width:160px;height:120px;border-width: 10px; border-color:#f1f1f1;border: 10px solid #f1f1f1\" alt=\"B\u00e9tico\" title=\"B\u00e9tico\" src=\"https:\/\/leavicens.com\/lvicens\/wp-content\/uploads\/2015\/03\/IMG_5195.jpeg\" \/>\n\t\t\t\t\t\t\t\t\t\t\t\t\t\t<\/a>\n\t\t\t\t\t\t\t\t\t\t\t\t\t\t\t\t\t\t\t\t\t\t\t\t\t<\/p>\n\t\t\t\t\t\t\t\t\t\t\t\t\t\t\t\t\t\t\t\t\t\t\t<\/div><!-- .gllr_image_block -->\n\t\t\t\t\t\t\t\t\t\t\t\t\t\t\t\t\t\t\t\t\t<div class=\"gllr_image_block\">\n\t\t\t\t\t\t\t\t\t\t\t\t<p style=\"width:180px;height:140px;\">\n\t\t\t\t\t\t\t\t\t\t\t\t\t\t\t\t\t\t\t\t\t\t\t\t\t\t\t\t<a data-fancybox=\"gallery_fancybox\" href=\"https:\/\/leavicens.com\/lvicens\/wp-content\/uploads\/2015\/03\/IMG_5231.jpeg\" title=\"Gacela\" >\n\t\t\t\t\t\t\t\t\t\t\t\t\t\t\t\t<img width=\"160\"height=\"120\" style=\"width:160px;height:120px;border-width: 10px; border-color:#f1f1f1;border: 10px solid #f1f1f1\" alt=\"Gacela\" title=\"Gacela\" src=\"https:\/\/leavicens.com\/lvicens\/wp-content\/uploads\/2015\/03\/IMG_5231.jpeg\" rel=\"https:\/\/leavicens.com\/lvicens\/wp-content\/uploads\/2015\/03\/IMG_5231.jpeg\" \/>\n\t\t\t\t\t\t\t\t\t\t\t\t\t\t\t<\/a>\n\t\t\t\t\t\t\t\t\t\t\t\t\t\t\t\t\t\t\t\t\t\t\t\t\t<\/p>\n\t\t\t\t\t\t\t\t\t\t\t\t\t\t\t\t\t\t\t\t\t\t\t<\/div><!-- .gllr_image_block -->\n\t\t\t\t\t\t\t\t\t\t\t\t\t\t\t\t\t\t\t\t\t<div class=\"gllr_image_block\">\n\t\t\t\t\t\t\t\t\t\t\t\t<p style=\"width:180px;height:140px;\">\n\t\t\t\t\t\t\t\t\t\t\t\t\t\t\t\t\t\t\t\t\t\t\t\t\t\t\t\t<a data-fancybox=\"gallery_fancybox\" href=\"https:\/\/leavicens.com\/lvicens\/wp-content\/uploads\/2015\/03\/IMG_5249.jpeg\" title=\"Bach\" >\n\t\t\t\t\t\t\t\t\t\t\t\t\t\t\t\t<img width=\"160\"height=\"120\" style=\"width:160px;height:120px;border-width: 10px; border-color:#f1f1f1;border: 10px solid #f1f1f1\" alt=\"Bach\" title=\"Bach\" src=\"https:\/\/leavicens.com\/lvicens\/wp-content\/uploads\/2015\/03\/IMG_5249.jpeg\" rel=\"https:\/\/leavicens.com\/lvicens\/wp-content\/uploads\/2015\/03\/IMG_5249.jpeg\" \/>\n\t\t\t\t\t\t\t\t\t\t\t\t\t\t\t<\/a>\n\t\t\t\t\t\t\t\t\t\t\t\t\t\t\t\t\t\t\t\t\t\t\t\t\t<\/p>\n\t\t\t\t\t\t\t\t\t\t\t\t\t\t\t\t\t\t\t\t\t\t\t<\/div><!-- .gllr_image_block -->\n\t\t\t\t\t\t\t\t\t\t\t\t\t\t\t\t\t\t\t\t\t<div class=\"gllr_image_block\">\n\t\t\t\t\t\t\t\t\t\t\t\t<p style=\"width:180px;height:140px;\">\n\t\t\t\t\t\t\t\t\t\t\t\t\t\t\t\t\t\t\t\t\t\t\t\t\t\t\t\t<a data-fancybox=\"gallery_fancybox\" href=\"https:\/\/leavicens.com\/lvicens\/wp-content\/uploads\/2015\/03\/IMG_5290.jpeg\" title=\"Diluvio\" >\n\t\t\t\t\t\t\t\t\t\t\t\t\t\t\t\t<img width=\"160\"height=\"120\" style=\"width:160px;height:120px;border-width: 10px; border-color:#f1f1f1;border: 10px solid #f1f1f1\" alt=\"Diluvio\" title=\"Diluvio\" src=\"https:\/\/leavicens.com\/lvicens\/wp-content\/uploads\/2015\/03\/IMG_5290.jpeg\" rel=\"https:\/\/leavicens.com\/lvicens\/wp-content\/uploads\/2015\/03\/IMG_5290.jpeg\" \/>\n\t\t\t\t\t\t\t\t\t\t\t\t\t\t\t<\/a>\n\t\t\t\t\t\t\t\t\t\t\t\t\t\t\t\t\t\t\t\t\t\t\t\t\t<\/p>\n\t\t\t\t\t\t\t\t\t\t\t\t\t\t\t\t\t\t\t\t\t\t\t<\/div><!-- .gllr_image_block -->\n\t\t\t\t\t\t\t\t\t\t\t\t\t\t\t\t\t\t\t\t\t<\/div><!-- .gllr_image_row -->\n\t\t\t\t\t\t\t\t\t\t\t\t\t\t\t\t\t\t\t\t\t<div class=\"gllr_image_row\">\n\t\t\t\t\t\t\t\t\t\t\t\t\t\t\t\t\t\t\t\t\t<div class=\"gllr_image_block\">\n\t\t\t\t\t\t\t\t\t\t\t\t<p style=\"width:180px;height:140px;\">\n\t\t\t\t\t\t\t\t\t\t\t\t\t\t\t\t\t\t\t\t\t\t\t\t\t\t\t\t<a data-fancybox=\"gallery_fancybox\" href=\"https:\/\/leavicens.com\/lvicens\/wp-content\/uploads\/2015\/03\/IMG_5334.jpeg\" title=\"Desaf\u00edo\" >\n\t\t\t\t\t\t\t\t\t\t\t\t\t\t\t\t<img width=\"160\"height=\"120\" style=\"width:160px;height:120px;border-width: 10px; border-color:#f1f1f1;border: 10px solid #f1f1f1\" alt=\"Desaf\u00edo\" title=\"Desaf\u00edo\" src=\"https:\/\/leavicens.com\/lvicens\/wp-content\/uploads\/2015\/03\/IMG_5334.jpeg\" rel=\"https:\/\/leavicens.com\/lvicens\/wp-content\/uploads\/2015\/03\/IMG_5334.jpeg\" \/>\n\t\t\t\t\t\t\t\t\t\t\t\t\t\t\t<\/a>\n\t\t\t\t\t\t\t\t\t\t\t\t\t\t\t\t\t\t\t\t\t\t\t\t\t<\/p>\n\t\t\t\t\t\t\t\t\t\t\t\t\t\t\t\t\t\t\t\t\t\t\t<\/div><!-- .gllr_image_block -->\n\t\t\t\t\t\t\t\t\t\t\t\t\t\t\t\t\t\t\t\t\t<div class=\"gllr_image_block\">\n\t\t\t\t\t\t\t\t\t\t\t\t<p style=\"width:180px;height:140px;\">\n\t\t\t\t\t\t\t\t\t\t\t\t\t\t\t\t\t\t\t\t\t\t\t\t\t\t\t\t<a data-fancybox=\"gallery_fancybox\" href=\"https:\/\/leavicens.com\/lvicens\/wp-content\/uploads\/2015\/03\/IMG_5358.jpeg\" title=\"Guitarra\" >\n\t\t\t\t\t\t\t\t\t\t\t\t\t\t\t\t<img width=\"160\"height=\"120\" style=\"width:160px;height:120px;border-width: 10px; border-color:#f1f1f1;border: 10px solid #f1f1f1\" alt=\"Guitarra\" title=\"Guitarra\" src=\"https:\/\/leavicens.com\/lvicens\/wp-content\/uploads\/2015\/03\/IMG_5358.jpeg\" rel=\"https:\/\/leavicens.com\/lvicens\/wp-content\/uploads\/2015\/03\/IMG_5358.jpeg\" \/>\n\t\t\t\t\t\t\t\t\t\t\t\t\t\t\t<\/a>\n\t\t\t\t\t\t\t\t\t\t\t\t\t\t\t\t\t\t\t\t\t\t\t\t\t<\/p>\n\t\t\t\t\t\t\t\t\t\t\t\t\t\t\t\t\t\t\t\t\t\t\t<\/div><!-- .gllr_image_block -->\n\t\t\t\t\t\t\t\t\t\t\t\t\t\t\t\t\t\t\t\t\t<div class=\"gllr_image_block\">\n\t\t\t\t\t\t\t\t\t\t\t\t<p style=\"width:180px;height:140px;\">\n\t\t\t\t\t\t\t\t\t\t\t\t\t\t\t\t\t\t\t\t\t\t\t\t\t\t\t\t<a data-fancybox=\"gallery_fancybox\" href=\"https:\/\/leavicens.com\/lvicens\/wp-content\/uploads\/2015\/03\/IMG_5417.jpeg\" title=\"Jazm\u00edn\" >\n\t\t\t\t\t\t\t\t\t\t\t\t\t\t\t\t<img width=\"160\"height=\"120\" style=\"width:160px;height:120px;border-width: 10px; border-color:#f1f1f1;border: 10px solid #f1f1f1\" alt=\"Jazm\u00edn\" title=\"Jazm\u00edn\" src=\"https:\/\/leavicens.com\/lvicens\/wp-content\/uploads\/2015\/03\/IMG_5417.jpeg\" rel=\"https:\/\/leavicens.com\/lvicens\/wp-content\/uploads\/2015\/03\/IMG_5417.jpeg\" \/>\n\t\t\t\t\t\t\t\t\t\t\t\t\t\t\t<\/a>\n\t\t\t\t\t\t\t\t\t\t\t\t\t\t\t\t\t\t\t\t\t\t\t\t\t<\/p>\n\t\t\t\t\t\t\t\t\t\t\t\t\t\t\t\t\t\t\t\t\t\t\t<\/div><!-- .gllr_image_block -->\n\t\t\t\t\t\t\t\t\t\t\t\t\t\t\t\t\t\t\t\t\t<div class=\"gllr_image_block\">\n\t\t\t\t\t\t\t\t\t\t\t\t<p style=\"width:180px;height:140px;\">\n\t\t\t\t\t\t\t\t\t\t\t\t\t\t\t\t\t\t\t\t\t\t\t\t\t\t\t\t<a data-fancybox=\"gallery_fancybox\" href=\"https:\/\/leavicens.com\/lvicens\/wp-content\/uploads\/2015\/03\/IMG_5440.jpeg\" title=\"Greco\" >\n\t\t\t\t\t\t\t\t\t\t\t\t\t\t\t\t<img width=\"160\"height=\"120\" style=\"width:160px;height:120px;border-width: 10px; border-color:#f1f1f1;border: 10px solid #f1f1f1\" alt=\"Greco\" title=\"Greco\" src=\"https:\/\/leavicens.com\/lvicens\/wp-content\/uploads\/2015\/03\/IMG_5440.jpeg\" rel=\"https:\/\/leavicens.com\/lvicens\/wp-content\/uploads\/2015\/03\/IMG_5440.jpeg\" \/>\n\t\t\t\t\t\t\t\t\t\t\t\t\t\t\t<\/a>\n\t\t\t\t\t\t\t\t\t\t\t\t\t\t\t\t\t\t\t\t\t\t\t\t\t<\/p>\n\t\t\t\t\t\t\t\t\t\t\t\t\t\t\t\t\t\t\t\t\t\t\t<\/div><!-- .gllr_image_block -->\n\t\t\t\t\t\t\t\t\t\t\t\t\t\t\t\t\t\t\t\t\t<\/div><!-- .gllr_image_row -->\n\t\t\t\t\t\t\t\t\t\t\t\t\t\t\t\t\t\t\t\t\t<div class=\"gllr_image_row\">\n\t\t\t\t\t\t\t\t\t\t\t\t\t\t\t\t\t\t\t\t\t<div class=\"gllr_image_block\">\n\t\t\t\t\t\t\t\t\t\t\t\t<p style=\"width:180px;height:140px;\">\n\t\t\t\t\t\t\t\t\t\t\t\t\t\t\t\t\t\t\t\t\t\t\t\t\t\t\t\t<a data-fancybox=\"gallery_fancybox\" href=\"https:\/\/leavicens.com\/lvicens\/wp-content\/uploads\/2015\/03\/IMG_5448.jpeg\" title=\"Bazuka\" >\n\t\t\t\t\t\t\t\t\t\t\t\t\t\t\t\t<img width=\"160\"height=\"120\" style=\"width:160px;height:120px;border-width: 10px; border-color:#f1f1f1;border: 10px solid #f1f1f1\" alt=\"Bazuka\" title=\"Bazuka\" src=\"https:\/\/leavicens.com\/lvicens\/wp-content\/uploads\/2015\/03\/IMG_5448.jpeg\" rel=\"https:\/\/leavicens.com\/lvicens\/wp-content\/uploads\/2015\/03\/IMG_5448.jpeg\" \/>\n\t\t\t\t\t\t\t\t\t\t\t\t\t\t\t<\/a>\n\t\t\t\t\t\t\t\t\t\t\t\t\t\t\t\t\t\t\t\t\t\t\t\t\t<\/p>\n\t\t\t\t\t\t\t\t\t\t\t\t\t\t\t\t\t\t\t\t\t\t\t<\/div><!-- .gllr_image_block -->\n\t\t\t\t\t\t\t\t\t\t\t\t\t\t\t\t\t\t\t\t\t<div class=\"gllr_image_block\">\n\t\t\t\t\t\t\t\t\t\t\t\t<p style=\"width:180px;height:140px;\">\n\t\t\t\t\t\t\t\t\t\t\t\t\t\t\t\t\t\t\t\t\t\t\t\t\t\t\t\t<a data-fancybox=\"gallery_fancybox\" href=\"https:\/\/leavicens.com\/lvicens\/wp-content\/uploads\/2015\/03\/IMG_5525.jpeg\" title=\"Espont\u00e1neo\" >\n\t\t\t\t\t\t\t\t\t\t\t\t\t\t\t\t<img width=\"160\"height=\"120\" style=\"width:160px;height:120px;border-width: 10px; border-color:#f1f1f1;border: 10px solid #f1f1f1\" alt=\"Espont\u00e1neo\" title=\"Espont\u00e1neo\" src=\"https:\/\/leavicens.com\/lvicens\/wp-content\/uploads\/2015\/03\/IMG_5525.jpeg\" rel=\"https:\/\/leavicens.com\/lvicens\/wp-content\/uploads\/2015\/03\/IMG_5525.jpeg\" \/>\n\t\t\t\t\t\t\t\t\t\t\t\t\t\t\t<\/a>\n\t\t\t\t\t\t\t\t\t\t\t\t\t\t\t\t\t\t\t\t\t\t\t\t\t<\/p>\n\t\t\t\t\t\t\t\t\t\t\t\t\t\t\t\t\t\t\t\t\t\t\t<\/div><!-- .gllr_image_block -->\n\t\t\t\t\t\t\t\t\t\t\t\t\t\t\t\t\t\t\t\t\t<div class=\"gllr_image_block\">\n\t\t\t\t\t\t\t\t\t\t\t\t<p style=\"width:180px;height:140px;\">\n\t\t\t\t\t\t\t\t\t\t\t\t\t\t\t\t\t\t\t\t\t\t\t\t\t\t\t<a href=\"http:\/\/leavicens.com\/caballos\/sefar\/\" title=\"Sefar\" target=\"_blank\">\n\t\t\t\t\t\t\t\t\t\t\t\t\t\t\t<img width=\"160\"height=\"120\" style=\"width:160px;height:120px;border-width: 10px; border-color:#f1f1f1;border: 10px solid #f1f1f1\" alt=\"Sefar\" title=\"Sefar\" src=\"https:\/\/leavicens.com\/lvicens\/wp-content\/uploads\/2016\/02\/image1-1.jpg\" \/>\n\t\t\t\t\t\t\t\t\t\t\t\t\t\t<\/a>\n\t\t\t\t\t\t\t\t\t\t\t\t\t\t\t\t\t\t\t\t\t\t\t\t\t<\/p>\n\t\t\t\t\t\t\t\t\t\t\t\t\t\t\t\t\t\t\t\t\t\t\t<\/div><!-- .gllr_image_block -->\n\t\t\t\t\t\t\t\t\t\t\t\t\t\t\t\t\t\t\t\t\t<div class=\"gllr_image_block\">\n\t\t\t\t\t\t\t\t\t\t\t\t<p style=\"width:180px;height:140px;\">\n\t\t\t\t\t\t\t\t\t\t\t\t\t\t\t\t\t\t\t\t\t\t\t\t\t\t\t<a href=\"http:\/\/leavicens.com\/caballos\/faesao\/\" title=\"Faesao\" target=\"_blank\">\n\t\t\t\t\t\t\t\t\t\t\t\t\t\t\t<img width=\"160\"height=\"120\" style=\"width:160px;height:120px;border-width: 10px; border-color:#f1f1f1;border: 10px solid #f1f1f1\" alt=\"Faesao\" title=\"Faesao\" src=\"https:\/\/leavicens.com\/lvicens\/wp-content\/uploads\/2016\/02\/image2-1.jpg\" \/>\n\t\t\t\t\t\t\t\t\t\t\t\t\t\t<\/a>\n\t\t\t\t\t\t\t\t\t\t\t\t\t\t\t\t\t\t\t\t\t\t\t\t\t<\/p>\n\t\t\t\t\t\t\t\t\t\t\t\t\t\t\t\t\t\t\t\t\t\t\t<\/div><!-- .gllr_image_block -->\n\t\t\t\t\t\t\t\t\t\t\t\t\t\t\t\t\t\t\t\t\t<\/div><!-- .gllr_image_row -->\n\t\t\t\t\t\t\t\t\t\t\t\t\t\t\t\t\t\t\t\t\t<div class=\"gllr_image_row\">\n\t\t\t\t\t\t\t\t\t\t\t\t\t\t\t\t\t\t\t\t\t<div class=\"gllr_image_block\">\n\t\t\t\t\t\t\t\t\t\t\t\t<p style=\"width:180px;height:140px;\">\n\t\t\t\t\t\t\t\t\t\t\t\t\t\t\t\t\t\t\t\t\t\t\t\t\t\t\t<a href=\"http:\/\/leavicens.com\/caballos\/deseado\/\" title=\"Deseado\" target=\"_blank\">\n\t\t\t\t\t\t\t\t\t\t\t\t\t\t\t<img width=\"160\"height=\"120\" style=\"width:160px;height:120px;border-width: 10px; border-color:#f1f1f1;border: 10px solid #f1f1f1\" alt=\"Deseado\" title=\"Deseado\" src=\"https:\/\/leavicens.com\/lvicens\/wp-content\/uploads\/2016\/02\/image3.jpg\" \/>\n\t\t\t\t\t\t\t\t\t\t\t\t\t\t<\/a>\n\t\t\t\t\t\t\t\t\t\t\t\t\t\t\t\t\t\t\t\t\t\t\t\t\t<\/p>\n\t\t\t\t\t\t\t\t\t\t\t\t\t\t\t\t\t\t\t\t\t\t\t<\/div><!-- .gllr_image_block -->\n\t\t\t\t\t\t\t\t\t\t\t\t\t\t\t\t\t\t\t\t\t<div class=\"gllr_image_block\">\n\t\t\t\t\t\t\t\t\t\t\t\t<p style=\"width:180px;height:140px;\">\n\t\t\t\t\t\t\t\t\t\t\t\t\t\t\t\t\t\t\t\t\t\t\t\t\t\t\t<a href=\"http:\/\/leavicens.com\/caballos\/hawai\/\" title=\"Hawai\" target=\"_blank\">\n\t\t\t\t\t\t\t\t\t\t\t\t\t\t\t<img width=\"160\"height=\"120\" style=\"width:160px;height:120px;border-width: 10px; border-color:#f1f1f1;border: 10px solid #f1f1f1\" alt=\"Hawai\" title=\"Hawai\" src=\"https:\/\/leavicens.com\/lvicens\/wp-content\/uploads\/2016\/02\/image4.jpg\" \/>\n\t\t\t\t\t\t\t\t\t\t\t\t\t\t<\/a>\n\t\t\t\t\t\t\t\t\t\t\t\t\t\t\t\t\t\t\t\t\t\t\t\t\t<\/p>\n\t\t\t\t\t\t\t\t\t\t\t\t\t\t\t\t\t\t\t\t\t\t\t<\/div><!-- .gllr_image_block -->\n\t\t\t\t\t\t\t\t\t\t\t\t\t\t\t\t\t\t\t\t\t<div class=\"gllr_image_block\">\n\t\t\t\t\t\t\t\t\t\t\t\t<p style=\"width:180px;height:140px;\">\n\t\t\t\t\t\t\t\t\t\t\t\t\t\t\t\t\t\t\t\t\t\t\t\t\t\t\t<a href=\"http:\/\/leavicens.com\/caballos\/petit-pois\/\" title=\"Petit Pois\" target=\"_blank\">\n\t\t\t\t\t\t\t\t\t\t\t\t\t\t\t<img width=\"160\"height=\"120\" style=\"width:160px;height:120px;border-width: 10px; border-color:#f1f1f1;border: 10px solid #f1f1f1\" alt=\"Petit Pois\" title=\"Petit Pois\" src=\"https:\/\/leavicens.com\/lvicens\/wp-content\/uploads\/2016\/02\/image5-2.jpg\" \/>\n\t\t\t\t\t\t\t\t\t\t\t\t\t\t<\/a>\n\t\t\t\t\t\t\t\t\t\t\t\t\t\t\t\t\t\t\t\t\t\t\t\t\t<\/p>\n\t\t\t\t\t\t\t\t\t\t\t\t\t\t\t\t\t\t\t\t\t\t\t<\/div><!-- .gllr_image_block -->\n\t\t\t\t\t\t\t\t\t\t\t\t\t\t\t\t\t\t\t\t\t<div class=\"clear\"><\/div>\n\t\t\t\t\t\t\t\t\t\t<\/div><!-- .gllr_image_row -->\n\t\t\t\t\t\t\t\t\t\t\t\t\t\t\t\t\t<\/div><!-- .gallery.clearfix -->\n\t\t\t\t\t\t\t\t\t\t\t\t\t<\/div><!-- .gallery_box_single -->\n\t\t\t\t\t\t<div class=\"gllr_clear\"><\/div>\n\t\t\t\t\t\n","protected":false},"excerpt":{"rendered":"<p>Poco despu\u00e9s de su llegada a Espa\u00f1a en 2006, Lea adquiri\u00f3 sus primeros potros de maestros como D. \u00c1ngel y&#8230;<\/p>\n","protected":false},"author":5,"featured_media":202,"parent":0,"menu_order":0,"comment_status":"open","ping_status":"open","template":"","meta":[],"_links":{"self":[{"href":"https:\/\/leavicens.com\/fr_FR\/wp-json\/wp\/v2\/pages\/20"}],"collection":[{"href":"https:\/\/leavicens.com\/fr_FR\/wp-json\/wp\/v2\/pages"}],"about":[{"href":"https:\/\/leavicens.com\/fr_FR\/wp-json\/wp\/v2\/types\/page"}],"author":[{"embeddable":true,"href":"https:\/\/leavicens.com\/fr_FR\/wp-json\/wp\/v2\/users\/5"}],"replies":[{"embeddable":true,"href":"https:\/\/leavicens.com\/fr_FR\/wp-json\/wp\/v2\/comments?post=20"}],"version-history":[{"count":23,"href":"https:\/\/leavicens.com\/fr_FR\/wp-json\/wp\/v2\/pages\/20\/revisions"}],"predecessor-version":[{"id":1987,"href":"https:\/\/leavicens.com\/fr_FR\/wp-json\/wp\/v2\/pages\/20\/revisions\/1987"}],"wp:featuredmedia":[{"embeddable":true,"href":"https:\/\/leavicens.com\/fr_FR\/wp-json\/wp\/v2\/media\/202"}],"wp:attachment":[{"href":"https:\/\/leavicens.com\/fr_FR\/wp-json\/wp\/v2\/media?parent=20"}],"curies":[{"name":"wp","href":"https:\/\/api.w.org\/{rel}","templated":true}]}}