{"id":30,"date":"2015-02-13T07:25:01","date_gmt":"2015-02-13T07:25:01","guid":{"rendered":"http:\/\/leavicens.com\/index_.php\/?page_id=30"},"modified":"2022-12-17T10:19:19","modified_gmt":"2022-12-17T09:19:19","slug":"contacto","status":"publish","type":"page","link":"https:\/\/leavicens.com\/fr_FR\/contacto\/","title":{"rendered":"Contact"},"content":{"rendered":"<p><img loading=\"lazy\" class=\"alignleft size-full wp-image-182\" src=\"http:\/\/leavicens.com\/wp-content\/uploads\/2015\/02\/contacto.png\" alt=\"contacto\" width=\"400\" height=\"267\" \/>Mandataire:<\/p>\n<p>D. \u00c1ngel Peralta<\/p>\n<p>e-mail:<\/p>\n<p>info@leavicens.com<\/p>\n<div style=\"clear:both;\"><\/div>\n<p>Mes plus sinc\u00e8re remerciements remerciements a toutes les personnes qui m&#8217;ont aid\u00e9e et soutenue depuis mes d\u00e9buts jusqu&#8217;\u00e0 aujourd&#8217;hui.<\/p>\n<p>Je tiens particuli\u00e8rement \u00e0 remercier Don Angel Peralta et Don Rafael Peralta, ma famille, mes amis, le personnel du Rancho el Rocio, l&#8217;hacienda El Vizir.<\/p>\n<p>Mes autres remerciements, et non moins importants, vont \u00e0 NODO publicit\u00e9 et communication, Cerabetail, Hotel Millau l&#8217;\u00e9tape, Bujarkay et Cactus \u00c9vent.<\/p>\n<p>Je veux aussi remercier tous les photographes, journalistes et professionnels taurins qui m&#8217;ont aid\u00e9 dans ma trajectoire professionnelle.<br \/>\nEnfin je tiens \u00e0 exprimer ma gratitude envers l&#8217;ensemble de ma cuadrilla dont le travail et la comp\u00e9tence contribuent \u00e0 la r\u00e9ussite et \u00e0 l&#8217;accomplissement de mon objectif.<\/p>\n<div role=\"form\" class=\"wpcf7\" id=\"wpcf7-f3318-o1\" lang=\"fr-FR\" dir=\"ltr\">\n<div class=\"screen-reader-response\"><p role=\"status\" aria-live=\"polite\" aria-atomic=\"true\"><\/p> <ul><\/ul><\/div>\n<form action=\"\/fr_FR\/wp-json\/wp\/v2\/pages\/30#wpcf7-f3318-o1\" method=\"post\" class=\"wpcf7-form init\" novalidate=\"novalidate\" data-status=\"init\">\n<div style=\"display: none;\">\n<input type=\"hidden\" name=\"_wpcf7\" value=\"3318\" \/>\n<input type=\"hidden\" name=\"_wpcf7_version\" value=\"5.6\" \/>\n<input type=\"hidden\" name=\"_wpcf7_locale\" value=\"fr_FR\" \/>\n<input type=\"hidden\" name=\"_wpcf7_unit_tag\" value=\"wpcf7-f3318-o1\" \/>\n<input type=\"hidden\" name=\"_wpcf7_container_post\" value=\"0\" \/>\n<input type=\"hidden\" name=\"_wpcf7_posted_data_hash\" value=\"\" \/>\n<input type=\"hidden\" name=\"_wpcf7_recaptcha_response\" value=\"\" \/>\n<\/div>\n<p><label> Votre nom (obligatoire)<br \/>\n    <span class=\"wpcf7-form-control-wrap\" data-name=\"your-name\"><input type=\"text\" name=\"your-name\" value=\"\" size=\"40\" class=\"wpcf7-form-control wpcf7-text wpcf7-validates-as-required\" aria-required=\"true\" aria-invalid=\"false\" \/><\/span> <\/label><\/p>\n<p><label> Votre adresse de messagerie (obligatoire)<br \/>\n    <span class=\"wpcf7-form-control-wrap\" data-name=\"your-email\"><input type=\"email\" name=\"your-email\" value=\"\" size=\"40\" class=\"wpcf7-form-control wpcf7-text wpcf7-email wpcf7-validates-as-required wpcf7-validates-as-email\" aria-required=\"true\" aria-invalid=\"false\" \/><\/span> <\/label><\/p>\n<p><label> Objet<br \/>\n    <span class=\"wpcf7-form-control-wrap\" data-name=\"your-subject\"><input type=\"text\" name=\"your-subject\" value=\"\" size=\"40\" class=\"wpcf7-form-control wpcf7-text\" aria-invalid=\"false\" \/><\/span> <\/label><\/p>\n<p><label> Votre message<br \/>\n    <span class=\"wpcf7-form-control-wrap\" data-name=\"your-message\"><textarea name=\"your-message\" cols=\"40\" rows=\"10\" class=\"wpcf7-form-control wpcf7-textarea\" aria-invalid=\"false\"><\/textarea><\/span> <\/label><\/p>\n<p><input type=\"submit\" value=\"Envoyer\" class=\"wpcf7-form-control has-spinner wpcf7-submit\" \/><\/p>\n<div class=\"wpcf7-response-output\" aria-hidden=\"true\"><\/div><\/form><\/div>\n","protected":false},"excerpt":{"rendered":"<p><img loading=\"lazy\" class=\"alignleft size-full wp-image-182\" src=\"http:\/\/leavicens.com\/wp-content\/uploads\/2015\/02\/contacto.png\" alt=\"contacto\" width=\"400\" height=\"267\" \/>Mandataire:<\/p>\n<p>D. \u00c1ngel Peralta<\/p>\n<p>e-mail:<\/p>\n<p>info@leavicens.com<\/p>\n<div style=\"clear:both;\"><\/div>\n<p>Mes &#8230;<\/p>\n","protected":false},"author":5,"featured_media":0,"parent":0,"menu_order":0,"comment_status":"open","ping_status":"open","template":"t-contact.php","meta":[],"_links":{"self":[{"href":"https:\/\/leavicens.com\/fr_FR\/wp-json\/wp\/v2\/pages\/30"}],"collection":[{"href":"https:\/\/leavicens.com\/fr_FR\/wp-json\/wp\/v2\/pages"}],"about":[{"href":"https:\/\/leavicens.com\/fr_FR\/wp-json\/wp\/v2\/types\/page"}],"author":[{"embeddable":true,"href":"https:\/\/leavicens.com\/fr_FR\/wp-json\/wp\/v2\/users\/5"}],"replies":[{"embeddable":true,"href":"https:\/\/leavicens.com\/fr_FR\/wp-json\/wp\/v2\/comments?post=30"}],"version-history":[{"count":33,"href":"https:\/\/leavicens.com\/fr_FR\/wp-json\/wp\/v2\/pages\/30\/revisions"}],"predecessor-version":[{"id":12701,"href":"https:\/\/leavicens.com\/fr_FR\/wp-json\/wp\/v2\/pages\/30\/revisions\/12701"}],"wp:attachment":[{"href":"https:\/\/leavicens.com\/fr_FR\/wp-json\/wp\/v2\/media?parent=30"}],"curies":[{"name":"wp","href":"https:\/\/api.w.org\/{rel}","templated":true}]}}